{"id":932,"date":"2016-05-23T00:14:57","date_gmt":"2016-05-23T00:14:57","guid":{"rendered":"http:\/\/www.ereuse.org\/?page_id=932"},"modified":"2025-09-22T15:42:40","modified_gmt":"2025-09-22T14:42:40","slug":"members","status":"publish","type":"page","link":"https:\/\/ereuse.org\/es\/members\/","title":{"rendered":"Refurbishers and retailers"},"content":{"rendered":"<p>Nuestros miembros son grupos, empresas y organizaciones locales con el objetivo de extender la vida \u00fatil de los productos mediante reparaci\u00f3n, renovaci\u00f3n, venta minorista y, en general, reutilizaci\u00f3n.<\/p>\n\n<h2>Solidanca.cat<\/h2>\n<p style=\"text-align: left\">Solidan\u00e7a es una organizaci\u00f3n sin fines de lucro creada en 1997 dedicada a la formaci\u00f3n profesional y la inserci\u00f3n laboral de personas en vulnerabilidad social. Para ello, en 2006, se cre\u00f3 la empresa de inserci\u00f3n laboral Solidan\u00e7a -Solidan\u00e7a Labor EI- que ofrece servicios en el sector medioambiental, concretamente en la gesti\u00f3n y revalorizaci\u00f3n de determinadas fracciones de residuos.<\/p>\n<div>Nombre: Solidan\u00e7a Treball, Empresa d&#8217;Inserci\u00f3, SL <br>Localidad: Sant Just Desvern <br>Regi\u00f3n: Espa\u00f1a<br>C\u00f3digo postal: 08960 <br>Calle: Carrer del Treball, 5 <br>Tel\u00e9fono: +34 93 685 44 34 <br>Latitud: 41.378881, Longitud: 2.067657 <br>Mapa:<a href=\"https:\/\/g.page\/Solidanca?share\" target=\"_blank\" rel=\"noopener noreferrer\"> Ver mapa<\/a><\/div>\n<p>TAGS: reformador, minorista, inserci\u00f3n laboral, sin \u00e1nimo de lucro <a href=\"https:\/\/vimeo.com\/164547831\">testimonio<\/a>.<\/p>\n<h2>Reutilitza.upc.edu<\/h2>\n<p style=\"text-align: left\">La Universitat Polit\u00e8cnica de Catalunya (Espa\u00f1a) cuenta con un programa de reutilizaci\u00f3n del aprendizaje-servicio (reutilitza.upc.edu). Involucra a m\u00e1s de 500 estudiantes cada a\u00f1o en tareas relacionadas con la reparaci\u00f3n y renovaci\u00f3n de computadoras. Hasta diciembre de 2016, m\u00e1s de 2000 ordenadores fueron reparados, instalados y entregados a 140 proyectos solidarios en todo el mundo.<\/p>\n<div>\nNombre: Programa UPC REUTILITZA <br>\nLocalidad: Barcelona<br>\nRegi\u00f3n: Espa\u00f1a<br>\nC\u00f3digo postal: 08034 <br>\nCalle: Edificio B5, Soterrani 3, Campus Nord, C\/Jordi Girona Salgado <br>\nLatitud: 41.388065, Longitud: 2.112517 <br>\nMapa:<a href=\"https:\/\/goo.gl\/maps\/PZQx1EFt2s3uVh3u5\" target=\"_blank\" rel=\"noopener noreferrer\">Ver mapa<\/a>\n<\/div>\n<p>TAGS: restaurador, minorista, aprendizaje-servicio, universidad, organizaci\u00f3n sin fines de lucro, <a href=\"https:\/\/vimeo.com\/164547830\">testimonio<\/a>.<\/p>\n<h2>Pontsolidari.org<\/h2>\n<p style=\"text-align: left\">La Fundaci\u00f3n Banc de Recursos ubicada en Barcelona, \u200b\u200best\u00e1 centrada en la reutilizaci\u00f3n y redistribuci\u00f3n de bienes a nivel nacional e internacional y en proyectos de ayuda al desarrollo. A trav\u00e9s de la plataforma online www.pontsolidari.org, se est\u00e1n reutilizando ordenadores usados \u200b\u200bprocedentes de donaciones de empresas comerciales en organizaciones sociales y ben\u00e9ficas.<\/p>\n<div>Nombre: Fundaci\u00f3n Banco de Recursos\n<div>Localidad: Barcelona<br>Regi\u00f3n: Espa\u00f1a<br>C\u00f3digo postal: 08012<\/div>\n<div>Calle: Gran de Gr\u00e0cia, 167, Principal 2a<\/div>\n<p>Latitud: 41.403169,Longitud: 2.152383<br>Mapa:<a href=\"https:\/\/goo.gl\/maps\/uQTDeoPTdHoXEWXDA\" target=\"_blank\" rel=\"noopener noreferrer\">Ver mapa<\/a> <\/p>\n<\/div>\n<p>TAGS: restaurador, minorista, ONG, sin fines de lucro, <a href=\"https:\/\/vimeo.com\/164547829\">testimonio<\/a>.<\/p>\n<h2>Trinijove.org<\/h2>\n<p style=\"text-align: left\">Trinijove facilitar\u00e1 el emprendimiento de j\u00f3venes en riesgo de exclusi\u00f3n y nuevos modelos de negocio, como sistemas de compartici\u00f3n y arrendamiento de productos. Trinijove es una fundaci\u00f3n privada con sede en Catalu\u00f1a (Espa\u00f1a) que dirige sus esfuerzos a la educaci\u00f3n de personas con dificultades y les ayuda en la tarea de encontrar un empleo.<\/p>\n<div>Nombre: Fundaci\u00f3n Trinijove\n<div>Localidad: Barcelona<br>Regi\u00f3n: Espa\u00f1a<br>C\u00f3digo postal: 08033<\/div>\n<div>Calle:c\/ Tur\u00f3 de la Trinitat, n\u00ba17<\/div>\n<p>Latitud: 41.449763,Longitud: 2.190068<br>Mapa:<a href=\"https:\/\/goo.gl\/maps\/ByrpfFaR1NUC3Pew5\" target=\"_blank\" rel=\"noopener noreferrer\">Ver mapa<\/a> <\/p>\n<\/div>\n<p>TAGS: reacondicionador, detallista, reciclador, inserci\u00f3n laboral, sin fines de lucro, <a href=\"https:\/\/vimeo.com\/171362680\">testimonio<\/a>.<\/p>\n<h2>Andromines.net<\/h2>\n<p style=\"text-align: left\">Andromines es una organizaci\u00f3n sin fines de lucro que desde 1993 trabaja por una sociedad m\u00e1s justa y equitativa, denunciando y luchando contra la exclusi\u00f3n social y acogiendo a personas marginadas laboralmente. Su proyecto &#8216;Recycle PC&#8217; se basa en llevar a cabo la recuperaci\u00f3n y reciclaje de RAEE (Residuos de Aparatos El\u00e9ctricos y Electr\u00f3nicos) L\u00ednea Gris (ordenadores, monitores, impresoras y otros accesorios inform\u00e1ticos).<\/p>\n<div>Nombre: Asociaci\u00f3n Andr\u00f2mines\n<div>Localidad: Montcada i Reixac<br>Regi\u00f3n: Espa\u00f1a<br>C\u00f3digo postal: 08110<\/div>\n<div>Calle:Pol\u00edgon La Ferreria . C\/Mec\u00e1nica con C\/Progr\u00e9s, n\u00ba17<\/div>\n<p>Latitud: 41.429431,Longitud: 2.188802<br>Mapa:<a href=\"https:\/\/goo.gl\/maps\/ga2SVSPwTGTVxu3r9\" target=\"_blank\" rel=\"noopener noreferrer\">Ver mapa<\/a> <\/p>\n<\/div>\n<p>TAGS: reformador, comercializador, leasing, inserci\u00f3n laboral, sin \u00e1nimo de lucro, <a href=\"https:\/\/vimeo.com\/171361574\">testimonial<\/a>.<\/p>\n<h2>Reciclanet.org<\/h2>\n<p style=\"text-align: left\">Reciclanet es una Asociaci\u00f3n Educativa, Ecol\u00f3gica y Solidaria, formada por voluntarios. Desarrollamos proyectos de recuperaci\u00f3n y reutilizaci\u00f3n de equipos inform\u00e1ticos, y difusi\u00f3n de software libre. Nuestra filosof\u00eda se basa en las personas, y habla de compartir, educaci\u00f3n y solidaridad. Trabajamos desde el a\u00f1o 2000, promoviendo el intercambio y la reutilizaci\u00f3n de ordenadores con c\u00f3digo abierto.<\/p>\n<div>Nombre: Asociaci\u00f3n Educativa Reciclanet\n<div>Localidad: Erandio<br>Regi\u00f3n: Espa\u00f1a<br>C\u00f3digo Postal: 48950<\/div>\n<div>Calle:Pol\u00edgono Axpe Industrialdea c\/ Ribera de Axpe 11, Pabell\u00f3n D-2, Local 105<\/div>\n<p>Latitud: 43.312229, Longitud: -2.979845<br>Mapa:<a href=\"https:\/\/maps.app.goo.gl\/ZvthxLzJyHGKv5be9\" target=\"_blank\" rel=\"noopener noreferrer\">Ver mapa<\/a>&gt;p&gt;\n<\/div>\n<p>TAGS: reformador, comercializador, inserci\u00f3n laboral, organizaci\u00f3n sin \u00e1nimo de lucro.<\/p>\n<h2>elkartenet.eus<\/h2>\n<p style=\"text-align: left\">Elkartenet es una asociaci\u00f3n educativa sin \u00e1nimo de lucro y tiene como objetivo principal realizar proyectos de dinamizaci\u00f3n educativa, asociativa y comercial apoyados en herramientas dise\u00f1adas con Software Libre y con criterios de lucha contra las diferentes formas. de la Brecha Digital y favoreciendo la Econom\u00eda Circular.<\/p>\n<div>Nombre: Elkartenet Hezkuntza Elkartea \u2013 Asociaci\u00f3n educativa\n<div>Localidad: Bilbao<br>Regi\u00f3n: Espa\u00f1a<br>C\u00f3digo postal: 48014<\/div>\n<div>Calle: Julio Urkijo 1<\/div>\n<p>Latitud: 43.26889, Longitud: &#8211;2.95397<br>Mapa:<a href=\"https:\/\/goo.gl\/maps\/us5juQFkDJPapg2EA\" target=\"_blank\" rel=\"noopener noreferrer\">Ver mapa<\/a><\/p>\n<\/div>\n<p>TAGS: restaurador, minorista, sin fines de lucro.<\/p>\n\n<h2>Ieselcalamot.com<\/h2>\n<p style=\"text-align: left\">El Instituto Calamot es un centro p\u00fablico de educaci\u00f3n secundaria obligatoria y postobligatoria que imparte desde ESO, educaci\u00f3n secundaria hasta grado medio y superior.<\/p>\n<p>TAGS: escuela, sin fines de lucro.<\/p>\n<h2>Labdoo.org<\/h2>\n<p>Labdoo es una red social humanitaria a la que se unen personas de todo el mundo que quieren hacer de nuestro planeta un lugar mejor proporcionando a quienes viven en regiones subdesarrolladas (tanto en el mundo en desarrollo como en el desarrollado) la oportunidad de una mejor educaci\u00f3n. El objetivo de la red social es enviar port\u00e1tiles, lectores de libros electr\u00f3nicos, tabletas y cualquier dispositivo que pueda cargarse con software educativo en desuso a escuelas necesitadas de todo el mundo mediante la colaboraci\u00f3n y sin incurrir en ning\u00fan coste econ\u00f3mico ni medioambiental.<\/p>\n<p>TAGS: restaurador, minorista, ONG, sin fines de lucro.<\/p>\n<h2>Marianao.net<\/h2>\n<p style=\"text-align: left\">Fundaci\u00f3n Marianao es una entidad sin \u00e1nimo de lucro que desde 1985 desarrolla proyectos socioeducativos al servicio de la comunidad, para promover el desarrollo personal y comunitario en Sant Boi de Llobregat y Baix Llobregat. La Funaci\u00f3n est\u00e1 interesada en recibir el material no funciona y debe ser reparado.<\/p>\n<div>\nNombre: Fundaci\u00f3n Marianao<br>\nLocalidad: Sant Boi de Llobregat Barcelona<br>\nRegi\u00f3n: Espa\u00f1a<br>\nC\u00f3digo postal: 08830 <br>\nCalle: Pla\u00e7a Joan N. Garc\u00eda-Nieto, s\/n <br>\nTel\u00e9fono: +34 936 303 062 <br>\nLatitud: 41.350818, Longitud: 2.027862 <br>\nMapa:<a href=\"https:\/\/goo.gl\/maps\/rwDanFbAigqfXeUq9\" target=\"_blank\" rel=\"noopener noreferrer\">Ver mapa<\/a>\n<\/div>\n<p>TAGS: restaurador, minorista, aprendizaje-servicio, fundaci\u00f3n, organizaci\u00f3n sin fines de lucro.<\/p>\n<h2>Engrunes.org<\/h2>\n<p style=\"text-align: left\">Engrunes es una empresa privada sin \u00e1nimo de lucro que tiene como finalidad proporcionar a personas en riesgo de exclusi\u00f3n social o excluidas, personal de apoyo, trabajo remunerado que les permita reincorporarse a una vida social activa y trabajo, utilizando como herramientas su trabajo y esfuerzo personal.<\/p>\n<div>\nNombre: Fundaci\u00f3n Engrunes<br>\nLocalidad: Montcada i Reixac (Barcelona)<br>\nRegi\u00f3n: Espa\u00f1a<br>\nC\u00f3digo Postal: 08110 <br>\nCalle: Pol. Ind. Coll de Montcada &#8211; Cr. Roca Plana, 14-16 <br>\nTel\u00e9fono: +34 935 829 999 <br>\nLatitud: 41.475683, Longitud: 2.168545 <br>\nMapa:<a href=\"https:\/\/goo.gl\/maps\/XVjFbbzqNUx46gPQA\" target=\"_blank\" rel=\"noopener noreferrer\">Ver mapa<\/a>\n<\/div>\n<p>TAGS: reformador, comercializador, inserci\u00f3n laboral, organizaci\u00f3n sin \u00e1nimo de lucro.<\/p>\n<h2>donalo.org<\/h2>\n<p style=\"text-align: left\">Donalo es un punto de encuentro donde empresas y personas donan dispositivos y productos digitales a ONG. El proyecto, basado en la rendici\u00f3n de cuentas de las empresas seg\u00fan sus est\u00e1ndares, es una reformulaci\u00f3n de la tarea que realizaba la Fundaci\u00f3n Migrano de Arena desde 2007 y tom\u00f3 el nombre de \u2018gesti\u00f3n de excedentes\u2019.<\/p>\n<div>\nNombre: Fundaci\u00f3n Migranodearena<br>\nLocalidad: Barcelona<br>\nRegi\u00f3n: Espa\u00f1a<br>\nC\u00f3digo postal: 08017 <br>\nCalle: Calle Planella, 12 <br>\nLatitud: 41.405916, Longitud: 2.124864 <br>\nMapa:<a href=\"https:\/\/goo.gl\/maps\/jPKmCQgftfCEHcDk6\" target=\"_blank\" rel=\"noopener noreferrer\">Ver mapa<\/a>\n<\/div>\n<p>ETIQUETAS: <a href=\"\">testimonio<\/a>.<\/p>\n<h2>Reutilizak.org<\/h2>\n<p style=\"text-align: left\">Somos una asociaci\u00f3n sin \u00e1nimo de lucro que apoya el desarrollo integral de las personas en riesgo y\/o exclusi\u00f3n social del barrio de Vallecas en Madrid, desde 1986. Fomentando y promoviendo la participaci\u00f3n social, especialmente de los j\u00f3venes y j\u00f3venes de entornos socioculturales desfavorecidos, tratando de evitar su marginaci\u00f3n del proceso educativo y social. Impulsar, realizar y gestionar proyectos de integraci\u00f3n sociolaboral de personas en situaci\u00f3n de riesgo o exclusi\u00f3n social.<\/p>\n<div>\nNombre: Asociaci\u00f3n lakalle.org<br>\nLocalidad: Madrid<br>\nRegi\u00f3n: Espa\u00f1a<br>\nC\u00f3digo postal: 28018 <br>\nCalle: C\/ Javier de Miguel, 92 Local 1 <br>\nTel\u00e9fono: +34 678 405 799 <br>\nLatitud: 40.385411, Longitud: -3.656398 <br>\nMapa:<a>Ver mapa<\/a>\n<\/div>\n<p>TAGS: reformador, detallista, inserci\u00f3n laboral, aprendizaje-servicio, sin \u00e1nimo de lucro.<\/p>\n<h2>Ongdreamit.org<\/h2>\n<p>DreamIT es una ONG que bajo el lema \u00absue\u00f1os que cambian el mundo\u00bb, tiene como objetivo mediar en la adhesi\u00f3n de voluntarios y la transferencia de equipamiento tecnol\u00f3gico (Hw y Sw educativo) a proyectos que tienen como objetivo dar una oportunidad a los m\u00e1s desfavorecidos a trav\u00e9s de la educaci\u00f3n. Nuestra visi\u00f3n es un mundo en el que la educaci\u00f3n est\u00e9 disponible para los m\u00e1s desfavorecidos a trav\u00e9s de la tecnolog\u00eda. Nuestra misi\u00f3n es transformar y hacer posible la educaci\u00f3n mediante el uso de la tecnolog\u00eda para empoderar a las personas necesitadas, centr\u00e1ndonos \u00fanicamente en el cambio social.<\/p>\n<p>TAGS: proveedor, minorista, ONG, sin fines de lucro.<\/p>\n<h2>fundesplai.org<\/h2>\n<p style=\"text-align: left\">FUNDACI\u00d3N ESPLAI tiene como misi\u00f3n promover una ciudadan\u00eda comprometida a trav\u00e9s de la inclusi\u00f3n social, la acci\u00f3n socioeducativa y el uso responsable de las TIC, con especial dedicaci\u00f3n a la infancia y la juventud, todo ello dentro del objetivo global de fomentar el papel del tercer sector en la sociedad. Trabajan a nivel local, nacional e internacional desarrollando diferentes proyectos dirigidos a diferentes grupos vulnerables y dise\u00f1ando herramientas metodol\u00f3gicas y materiales formativos<\/p>\n<div>\nNombre: Fundaci\u00f3 Catalana de l&#8217;Esplai<br>\nLocalidad: El Prat de Llobregat <br>\nRegi\u00f3n: Espa\u00f1a<br>\nC\u00f3digo postal: 08820 <br>\nCalle: Carrer Riu Anoia, 42-54 <br>\nTel\u00e9fono: +34 93 474 74 74 <br>\nLatitud: 41.315837, Longitud: 2.082381 <br>\nMapa:<a href=\"https:\/\/goo.gl\/maps\/h58gEf15DiZpd4Ms7\" target=\"_blank\" rel=\"noopener noreferrer\">Ver mapa<\/a>\n<\/div>\n<p>TAGS: restaurador, minorista, ONG, sin fines de lucro<\/p>\n<p><a><\/a><\/p>\n<h1>Argentina<\/h1>\n<h2>Tau.org.ar<\/h2>\n<p>Nodo Tau es una asociaci\u00f3n civil radicada en Rosario, Argentina, que desde 1995 promueve el uso de las TIC en grupos vulnerables y organizaciones sociales que trabajan por la vigencia de los derechos sociales, civiles, econ\u00f3micos y ambientales. Desde su experiencia en el reciclaje de equipos inform\u00e1ticos utilizados para el sector social, se ha incorporado al sector RAEE, gestionando su propia planta de reutilizaci\u00f3n, y dedic\u00e1ndose simult\u00e1neamente a la investigaci\u00f3n y difusi\u00f3n del tema, a trav\u00e9s de sus publicaciones en raee.tau. .org.ar.<\/p>\n<p>TAGS: restaurador, minorista, ONG, sin fines de lucro<\/p>","protected":false},"excerpt":{"rendered":"<p>Nuestros miembros son grupos, empresas y organizaciones locales con el objetivo de extender la vida \u00fatil de los productos mediante reparaci\u00f3n, renovaci\u00f3n, venta minorista y, en general, reutilizaci\u00f3n. Solidanca.cat Solidan\u00e7a es una organizaci\u00f3n sin fines de lucro creada en 1997 dedicada a la formaci\u00f3n profesional y la inserci\u00f3n laboral de personas en vulnerabilidad social. Para &hellip;<\/p>\n","protected":false},"author":2617,"featured_media":1896,"parent":0,"menu_order":0,"comment_status":"closed","ping_status":"closed","template":"","meta":{"footnotes":""},"class_list":["post-932","page","type-page","status-publish","has-post-thumbnail","hentry"],"jetpack_sharing_enabled":true,"_links":{"self":[{"href":"https:\/\/ereuse.org\/es\/wp-json\/wp\/v2\/pages\/932","targetHints":{"allow":["GET"]}}],"collection":[{"href":"https:\/\/ereuse.org\/es\/wp-json\/wp\/v2\/pages"}],"about":[{"href":"https:\/\/ereuse.org\/es\/wp-json\/wp\/v2\/types\/page"}],"author":[{"embeddable":true,"href":"https:\/\/ereuse.org\/es\/wp-json\/wp\/v2\/users\/2617"}],"replies":[{"embeddable":true,"href":"https:\/\/ereuse.org\/es\/wp-json\/wp\/v2\/comments?post=932"}],"version-history":[{"count":218,"href":"https:\/\/ereuse.org\/es\/wp-json\/wp\/v2\/pages\/932\/revisions"}],"predecessor-version":[{"id":2832,"href":"https:\/\/ereuse.org\/es\/wp-json\/wp\/v2\/pages\/932\/revisions\/2832"}],"wp:featuredmedia":[{"embeddable":true,"href":"https:\/\/ereuse.org\/es\/wp-json\/wp\/v2\/media\/1896"}],"wp:attachment":[{"href":"https:\/\/ereuse.org\/es\/wp-json\/wp\/v2\/media?parent=932"}],"curies":[{"name":"wp","href":"https:\/\/api.w.org\/{rel}","templated":true}]}}