{"id":2057,"date":"2018-10-28T22:29:22","date_gmt":"2018-10-28T21:29:22","guid":{"rendered":"https:\/\/www.ereuse.org\/?page_id=2057"},"modified":"2026-01-08T17:21:42","modified_gmt":"2026-01-08T16:21:42","slug":"demo","status":"publish","type":"page","link":"https:\/\/ereuse.org\/es\/demo\/","title":{"rendered":"Demo"},"content":{"rendered":"Iniciada en 2015 y durante aproximadamente una d\u00e9cada, la iniciativa eReuse.org promueve buenas pr\u00e1cticas para la desinfecci\u00f3n de datos y la trazabilidad de la econom\u00eda circular de dispositivos digitales, trabajando con organizaciones de todo el mundo.\r\n\r\nPara implementar estas mejores pr\u00e1cticas y est\u00e1ndares, eReuse.org ofrece una pila de c\u00f3digo abierto para ITAD, reacondicionadores y recicladores. M\u00e1s detalles en los repositorios de <a href=\"https:\/\/www.ereuse.org\/software\/\">software<\/a>.\r\n\r\nSi deseas probar el software, puedes ejecutar tu propio servicio basado en Docker, unirse a Pangea.org para alojar y ejecutar una instancia propia, o contactar con la empresa emergente Usody.com que ofrece un software como servicio similar.","protected":false},"excerpt":{"rendered":"<p>Iniciada en 2015 y durante aproximadamente una d\u00e9cada, la iniciativa eReuse.org promueve buenas pr\u00e1cticas para la desinfecci\u00f3n de datos y la trazabilidad de la econom\u00eda circular de dispositivos digitales, trabajando con organizaciones de todo el mundo. Para implementar estas mejores pr\u00e1cticas y est\u00e1ndares, eReuse.org ofrece una pila de c\u00f3digo abierto para ITAD, reacondicionadores y recicladores. &hellip;<\/p>\n","protected":false},"author":2617,"featured_media":0,"parent":0,"menu_order":0,"comment_status":"closed","ping_status":"closed","template":"","meta":{"footnotes":""},"class_list":["post-2057","page","type-page","status-publish","hentry"],"jetpack_sharing_enabled":true,"_links":{"self":[{"href":"https:\/\/ereuse.org\/es\/wp-json\/wp\/v2\/pages\/2057","targetHints":{"allow":["GET"]}}],"collection":[{"href":"https:\/\/ereuse.org\/es\/wp-json\/wp\/v2\/pages"}],"about":[{"href":"https:\/\/ereuse.org\/es\/wp-json\/wp\/v2\/types\/page"}],"author":[{"embeddable":true,"href":"https:\/\/ereuse.org\/es\/wp-json\/wp\/v2\/users\/2617"}],"replies":[{"embeddable":true,"href":"https:\/\/ereuse.org\/es\/wp-json\/wp\/v2\/comments?post=2057"}],"version-history":[{"count":38,"href":"https:\/\/ereuse.org\/es\/wp-json\/wp\/v2\/pages\/2057\/revisions"}],"predecessor-version":[{"id":2872,"href":"https:\/\/ereuse.org\/es\/wp-json\/wp\/v2\/pages\/2057\/revisions\/2872"}],"wp:attachment":[{"href":"https:\/\/ereuse.org\/es\/wp-json\/wp\/v2\/media?parent=2057"}],"curies":[{"name":"wp","href":"https:\/\/api.w.org\/{rel}","templated":true}]}}