{"id":2000,"date":"2018-10-16T08:42:08","date_gmt":"2018-10-16T07:42:08","guid":{"rendered":"https:\/\/www.ereuse.org\/?page_id=2000"},"modified":"2024-07-22T20:06:42","modified_gmt":"2024-07-22T19:06:42","slug":"our-activity","status":"publish","type":"page","link":"https:\/\/ereuse.org\/es\/our-activity\/","title":{"rendered":"Our Activity"},"content":{"rendered":"<h2>Acelerar ecosistemas de econom\u00eda circular<\/h2>\r\n<p>Personas y organizaciones mejoran e intercambian dispositivos electr\u00f3nicos en un ecosistema de econom\u00eda circular y colaborativa para evitar el reciclaje prematuro. La coalici\u00f3n de miembros y socios de eReuse intercambia conocimientos, construye conexiones y re\u00fane habilidades y capacitaci\u00f3n para ayudar a sostener y hacer crecer ecosistemas federados que optimizan el reacondicionamiento, garantizan la calidad de los productos electr\u00f3nicos de segunda mano y coordinan cadenas de suministro inversas para incentivar la reutilizaci\u00f3n. En \u00faltima instancia, los dispositivos se reciclan y se eval\u00faa su impacto.<\/p>\r\n<p>Coordinamos y promovemos la creaci\u00f3n de circuitos locales de reutilizaci\u00f3n, donde varias entidades cooperan entre s\u00ed bajo diferentes roles para capturar, reacondicionar y redistribuir dispositivos con certificado de calidad a ciudadanos afectados por la desigualdad digital, entre otras aspectos relacionados.<\/p>\r\n<h2>Acreditar la circularidad de los miembros y ecosistemas federados<\/h2>\r\n<p>El consumo circular se basa en utilizar los recursos al m\u00e1ximo posible, procurando que finalmente se reciclen, pero nunca antes o de forma prematura, s\u00f3lo cuando nadie m\u00e1s pueda utilizarlos o reutilizarlos. Las empresas que desechan dispositivos digitales eligen miembros con un rendimiento responsable en materia de reutilizaci\u00f3n y reciclaje. El desaf\u00edo es proporcionar recursos para que los consumidores, los miembros y las plataformas federadas puedan autoevaluar, autocertificar y compartir estos datos como informaci\u00f3n com\u00fan para la circularidad.<\/p>\r\n<p>eReuse puede acreditar entidades de econom\u00eda circular que rastrean dispositivos a lo largo de su vida \u00fatil y proporcionar pautas para la evaluaci\u00f3n del impacto de sostenibilidad generado. Juntos queremos alcanzar y medir los tres impactos de una econom\u00eda circular: econ\u00f3mico, ambiental y social, avanzando hacia los objetivos de los ODS 16, 13, 12, 15, 4 y 10.<\/p>\r\n<h2>Coordinar la hoja de ruta de recursos de c\u00f3digo abierto para la digitalizaci\u00f3n de la gesti\u00f3n de la electr\u00f3nica circular<\/h2>\r\n<p>Nuestros miembros y socios desarrollan y comparten recursos de c\u00f3digo abierto, como herramientas de reacondicionamiento, gesti\u00f3n de inventario, sistemas de trazabilidad de pasaportes de productos, mecanismos de autoacreditaci\u00f3n para est\u00e1ndares de calidad y circularidad, buenas pr\u00e1cticas y estudios de casos. Juntos, construimos una nueva mentalidad y tecnolog\u00eda de c\u00f3digo abierto para hacer que la industria de la tecnolog\u00eda de reutilizaci\u00f3n y reciclaje sea m\u00e1s duradera, reutilizable, reparable y responsable del impacto. El desaf\u00edo en esta actividad es priorizar qu\u00e9 recursos son clave para la comunidad y garantizar que sean de c\u00f3digo abierto y est\u00e9n basados \u200b\u200ben est\u00e1ndares abiertos.<\/p>","protected":false},"excerpt":{"rendered":"<p>Acelerar ecosistemas de econom\u00eda circular Personas y organizaciones mejoran e intercambian dispositivos electr\u00f3nicos en un ecosistema de econom\u00eda circular y colaborativa para evitar el reciclaje prematuro. La coalici\u00f3n de miembros y socios de eReuse intercambia conocimientos, construye conexiones y re\u00fane habilidades y capacitaci\u00f3n para ayudar a sostener y hacer crecer ecosistemas federados que optimizan el &hellip;<\/p>\n","protected":false},"author":2617,"featured_media":1896,"parent":0,"menu_order":0,"comment_status":"closed","ping_status":"closed","template":"","meta":{"footnotes":""},"class_list":["post-2000","page","type-page","status-publish","has-post-thumbnail","hentry"],"jetpack_sharing_enabled":true,"_links":{"self":[{"href":"https:\/\/ereuse.org\/es\/wp-json\/wp\/v2\/pages\/2000","targetHints":{"allow":["GET"]}}],"collection":[{"href":"https:\/\/ereuse.org\/es\/wp-json\/wp\/v2\/pages"}],"about":[{"href":"https:\/\/ereuse.org\/es\/wp-json\/wp\/v2\/types\/page"}],"author":[{"embeddable":true,"href":"https:\/\/ereuse.org\/es\/wp-json\/wp\/v2\/users\/2617"}],"replies":[{"embeddable":true,"href":"https:\/\/ereuse.org\/es\/wp-json\/wp\/v2\/comments?post=2000"}],"version-history":[{"count":24,"href":"https:\/\/ereuse.org\/es\/wp-json\/wp\/v2\/pages\/2000\/revisions"}],"predecessor-version":[{"id":2716,"href":"https:\/\/ereuse.org\/es\/wp-json\/wp\/v2\/pages\/2000\/revisions\/2716"}],"wp:featuredmedia":[{"embeddable":true,"href":"https:\/\/ereuse.org\/es\/wp-json\/wp\/v2\/media\/1896"}],"wp:attachment":[{"href":"https:\/\/ereuse.org\/es\/wp-json\/wp\/v2\/media?parent=2000"}],"curies":[{"name":"wp","href":"https:\/\/api.w.org\/{rel}","templated":true}]}}