{"id":1998,"date":"2018-10-16T08:41:37","date_gmt":"2018-10-16T07:41:37","guid":{"rendered":"https:\/\/www.ereuse.org\/?page_id=1998"},"modified":"2024-07-22T20:02:17","modified_gmt":"2024-07-22T19:02:17","slug":"mission","status":"publish","type":"page","link":"https:\/\/ereuse.org\/es\/mission\/","title":{"rendered":"Mission"},"content":{"rendered":"<h2>El reto<\/h2>\n<p>La mayor\u00eda de dispositivos TIC de empresas y administraciones p\u00fablicas se desechan al considerarlos amortizados o fuera de mantenimiento. Aunque todav\u00eda tienen valor de uso y son aptos para su reutilizaci\u00f3n, son desechados (reciclados) o exportados ilegalmente a otros pa\u00edses a trav\u00e9s de circuitos informales de reutilizaci\u00f3n.<\/p>\n<p>Se conocen bien los aspectos positivos de la reutilizaci\u00f3n; la reutilizaci\u00f3n contribuye efectivamente al desarrollo de una econom\u00eda circular, fortalece la creaci\u00f3n de empleo local, previene la generaci\u00f3n de residuos y reduce la brecha digital. Sin embargo, \u00bfpor qu\u00e9 es una pr\u00e1ctica tan minoritaria? Cuando empresas, gobiernos o particulares necesitan deshacerse de sus ordenadores y dispositivos digitales para tener una nueva vida (reutilizaci\u00f3n), no saben a qui\u00e9n acudir. Esto da como resultado que la mayor\u00eda de los equipos el\u00e9ctricos y electr\u00f3nicos (AEE) se reciclen a pesar de que existe una demanda expl\u00edcita de reutilizaci\u00f3n. Las autoridades p\u00fablicas y las empresas est\u00e1n dispuestas a promover los aspectos positivos de la reutilizaci\u00f3n, pero sin una soluci\u00f3n de trazabilidad y un compromiso de los consumidores con los productos reutilizados, no est\u00e1 claro si los dispositivos digitales reutilizados acabar\u00e1n export\u00e1ndose ilegalmente y potencialmente contaminando el medio ambiente. Estos riesgos y desv\u00edos son los principales inconvenientes en la promoci\u00f3n y pr\u00e1ctica de la reutilizaci\u00f3n en organizaciones p\u00fablicas y privadas. Hoy en d\u00eda, la mayor\u00eda de las ciudades no cuentan con un ecosistema capaz de evitar el reciclaje prematuro de productos electr\u00f3nicos.<\/p>\n<h2>Nuestra Misi\u00f3n<\/h2>\n<p>La misi\u00f3n de eReuse.org es la transici\u00f3n hacia un consumo colaborativo y circular de la electr\u00f3nica. Motivamos y promovemos el surgimiento de plataformas abiertas locales aut\u00f3nomas para la reutilizaci\u00f3n de productos electr\u00f3nicos que aseguren el reciclaje final y una evaluaci\u00f3n verificable del impacto de la reutilizaci\u00f3n. Cooperamos para ayudar a sostener y hacer crecer ecosistemas que aumentan la reutilizaci\u00f3n y el reciclaje, y juntos, construimos una nueva mentalidad y tecnolog\u00eda de c\u00f3digo abierto para hacer que la industria tecnol\u00f3gica de reutilizaci\u00f3n\/reciclaje sea m\u00e1s duradera, reutilizable, reparable y responsable del impacto. La coalici\u00f3n de miembros y colaboradores re\u00fane las habilidades, la capacitaci\u00f3n y las tecnolog\u00edas abiertas necesarias para ayudar a sostener y hacer crecer plataformas federadas y aut\u00f3nomas que optimicen la renovaci\u00f3n, garanticen la calidad de los productos electr\u00f3nicos de segunda mano y lleven la gesti\u00f3n en la cadena de suministro inversa para incentivar los dispositivos reutilizados. son, en \u00faltima instancia, reciclados y responsables del impacto. Para ello desarrollamos herramientas de software de c\u00f3digo abierto para la digitalizaci\u00f3n de la gesti\u00f3n circular de dispositivos TIC.<\/p>","protected":false},"excerpt":{"rendered":"<p>El reto La mayor\u00eda de dispositivos TIC de empresas y administraciones p\u00fablicas se desechan al considerarlos amortizados o fuera de mantenimiento. Aunque todav\u00eda tienen valor de uso y son aptos para su reutilizaci\u00f3n, son desechados (reciclados) o exportados ilegalmente a otros pa\u00edses a trav\u00e9s de circuitos informales de reutilizaci\u00f3n. Se conocen bien los aspectos positivos &hellip;<\/p>\n","protected":false},"author":2617,"featured_media":1896,"parent":0,"menu_order":0,"comment_status":"closed","ping_status":"closed","template":"","meta":{"footnotes":""},"class_list":["post-1998","page","type-page","status-publish","has-post-thumbnail","hentry"],"jetpack_sharing_enabled":true,"_links":{"self":[{"href":"https:\/\/ereuse.org\/es\/wp-json\/wp\/v2\/pages\/1998","targetHints":{"allow":["GET"]}}],"collection":[{"href":"https:\/\/ereuse.org\/es\/wp-json\/wp\/v2\/pages"}],"about":[{"href":"https:\/\/ereuse.org\/es\/wp-json\/wp\/v2\/types\/page"}],"author":[{"embeddable":true,"href":"https:\/\/ereuse.org\/es\/wp-json\/wp\/v2\/users\/2617"}],"replies":[{"embeddable":true,"href":"https:\/\/ereuse.org\/es\/wp-json\/wp\/v2\/comments?post=1998"}],"version-history":[{"count":24,"href":"https:\/\/ereuse.org\/es\/wp-json\/wp\/v2\/pages\/1998\/revisions"}],"predecessor-version":[{"id":2713,"href":"https:\/\/ereuse.org\/es\/wp-json\/wp\/v2\/pages\/1998\/revisions\/2713"}],"wp:featuredmedia":[{"embeddable":true,"href":"https:\/\/ereuse.org\/es\/wp-json\/wp\/v2\/media\/1896"}],"wp:attachment":[{"href":"https:\/\/ereuse.org\/es\/wp-json\/wp\/v2\/media?parent=1998"}],"curies":[{"name":"wp","href":"https:\/\/api.w.org\/{rel}","templated":true}]}}