{"id":1996,"date":"2018-10-16T08:41:13","date_gmt":"2018-10-16T07:41:13","guid":{"rendered":"https:\/\/www.ereuse.org\/?page_id=1996"},"modified":"2024-07-22T19:58:24","modified_gmt":"2024-07-22T18:58:24","slug":"about","status":"publish","type":"page","link":"https:\/\/ereuse.org\/es\/about\/","title":{"rendered":"About"},"content":{"rendered":"<p>Todo empez\u00f3 con un \u00aby si optamos por la reutilizaci\u00f3n en lugar del reciclaje prematuro\u00bb. En 2014, la Generalitat de Catalunya preve\u00eda descartar 30.000 dispositivos inform\u00e1ticos al a\u00f1o hasta 2019. El 92% de los dispositivos eran funcionales, y el 87% de ellos eran potencialmente reutilizables localmente por entidades sociales, escuelas y personas en situaci\u00f3n de exclusi\u00f3n digital. El gobierno ha querido implicar a todos los centros de reutilizaci\u00f3n activos para realizar todo el trabajo de reforma, canalizaci\u00f3n y seguimiento de estos dispositivos. \u00c9sta fue la petici\u00f3n que hicieron a un grupo de investigaci\u00f3n de la Universidad Polit\u00e9cnica de Catalu\u00f1a. Unos meses m\u00e1s tarde, se lanz\u00f3 eReuse.org.<\/p>\n<h2>Federaci\u00f3n de reutilizaci\u00f3n de electr\u00f3nica (ordenadores)<\/h2>\n<p><a class=\"\" href=\"http:\/\/Ereuse.org\">eReuse.org<\/a> es una iniciativa de organizaciones dedicadas a la transici\u00f3n al consumo colaborativo y circular de electr\u00f3nica (ordenadores principalmente). Motivamos e impulsamos la aparici\u00f3n de comunidades regionales locales abiertas para reutilizar la electr\u00f3nica que garanticen el reciclaje final y la evaluaci\u00f3n verificable del impacto de la reutilizaci\u00f3n. Los miembros de eReuse son principalmente organizaciones de econom\u00eda social que reacondicionan, reciclan y distribuyen dispositivos de segunda mano como m\u00f3viles, port\u00e1tiles u ordenadores de sobremesa. Nuestros socios son organizaciones que promueven el residuo cero, la econom\u00eda circular y social, la electr\u00f3nica justa, el derecho a la reparaci\u00f3n y reducci\u00f3n de la brecha digital. En las ciudades, miembros y ayuntamientos colaboran y se coordinan en circuitos de reutilizaci\u00f3n con gran efecto en la creaci\u00f3n de puestos de trabajo inclusivos, al iniciar o acelerar la eficiencia y en la ampliaci\u00f3n del intercambio\/mercado local de dispositivos de segunda mano. eReuse.org se lanz\u00f3 en 2015, somos un proyecto de Pangea.org, una organizaci\u00f3n privada e independiente sin \u00e1nimo de lucro fundada en 1993 para promover el uso estrat\u00e9gico y ambiental de las TIC.<\/p>","protected":false},"excerpt":{"rendered":"<p>Todo empez\u00f3 con un \u00aby si optamos por la reutilizaci\u00f3n en lugar del reciclaje prematuro\u00bb. En 2014, la Generalitat de Catalunya preve\u00eda descartar 30.000 dispositivos inform\u00e1ticos al a\u00f1o hasta 2019. El 92% de los dispositivos eran funcionales, y el 87% de ellos eran potencialmente reutilizables localmente por entidades sociales, escuelas y personas en situaci\u00f3n de &hellip;<\/p>\n","protected":false},"author":2617,"featured_media":1896,"parent":0,"menu_order":0,"comment_status":"closed","ping_status":"closed","template":"","meta":{"footnotes":""},"class_list":["post-1996","page","type-page","status-publish","has-post-thumbnail","hentry"],"jetpack_sharing_enabled":true,"_links":{"self":[{"href":"https:\/\/ereuse.org\/es\/wp-json\/wp\/v2\/pages\/1996","targetHints":{"allow":["GET"]}}],"collection":[{"href":"https:\/\/ereuse.org\/es\/wp-json\/wp\/v2\/pages"}],"about":[{"href":"https:\/\/ereuse.org\/es\/wp-json\/wp\/v2\/types\/page"}],"author":[{"embeddable":true,"href":"https:\/\/ereuse.org\/es\/wp-json\/wp\/v2\/users\/2617"}],"replies":[{"embeddable":true,"href":"https:\/\/ereuse.org\/es\/wp-json\/wp\/v2\/comments?post=1996"}],"version-history":[{"count":21,"href":"https:\/\/ereuse.org\/es\/wp-json\/wp\/v2\/pages\/1996\/revisions"}],"predecessor-version":[{"id":2712,"href":"https:\/\/ereuse.org\/es\/wp-json\/wp\/v2\/pages\/1996\/revisions\/2712"}],"wp:featuredmedia":[{"embeddable":true,"href":"https:\/\/ereuse.org\/es\/wp-json\/wp\/v2\/media\/1896"}],"wp:attachment":[{"href":"https:\/\/ereuse.org\/es\/wp-json\/wp\/v2\/media?parent=1996"}],"curies":[{"name":"wp","href":"https:\/\/api.w.org\/{rel}","templated":true}]}}