{"id":1951,"date":"2018-10-14T20:58:41","date_gmt":"2018-10-14T19:58:41","guid":{"rendered":"https:\/\/www.ereuse.org\/?page_id=1951"},"modified":"2025-05-14T15:31:10","modified_gmt":"2025-05-14T14:31:10","slug":"partners","status":"publish","type":"page","link":"https:\/\/ereuse.org\/es\/partners\/","title":{"rendered":"Socios"},"content":{"rendered":"Junto a nuestros socios estrat\u00e9gicos, desarrollamos plataformas de reutilizaci\u00f3n electr\u00f3nica que abren nuevas oportunidades para ampliar y acelerar la transici\u00f3n hacia una econom\u00eda circular de la electr\u00f3nica. Nuestros socios son grupos internacionales que promueven la concienciaci\u00f3n social sobre el impacto social y ambiental de la electr\u00f3nica, la econom\u00eda social, el <a href=\"#RR\">derecho a reparar<\/a>, <a href=\"#ZW\">Zero Waste<\/a>, reducci\u00f3n de la <a href=\"#DD\">Divisi\u00f3n digital<\/a>, econom\u00eda circular, <a href=\"#SE\">Econom\u00eda social<\/a>, <a href=\"#FE\">Fair Electronics<\/a>, el derecho a reparar, universidades y socios <a href=\"#T\">tecnol\u00f3gicos<\/a> que ofrecen servicios a nuestros miembros.<\/p>\n<h2>Derecho a la reparaci\u00f3n<\/h2>\n<p><a name=\"RR\"><\/a><\/p>\n<h3>Right to Repair Europa<\/h3>\n<p>Somos una coalici\u00f3n de organizaciones europeas activas en torno a la causa de la reparaci\u00f3n. Los miembros de la campa\u00f1a Right to Repair tienen sede en varios pa\u00edses europeos y representan a organizaciones de la sociedad civil, empresas de reparaci\u00f3n, iniciativas de reparaci\u00f3n comunitarias e instituciones p\u00fablicas. https:\/\/repair.eu\/our-members\/<\/p>\n<h2>Residuos cero<\/h2>\n<p><a name=\"ZW\"><\/a><\/p>\n<h3>Zero Waste Europe<\/h3>\n<p>ZWE re\u00fane y representa a los municipios europeos que se han comprometido abiertamente con el objetivo de reducir continuamente la generaci\u00f3n de residuos y mejorar la recogida selectiva de residuos y, por tanto, redise\u00f1ando la relaci\u00f3n entre las personas y los residuos. Estamos definiendo una campa\u00f1a para municipios cuyo objetivo es aumentar el n\u00famero de municipios dispuestos a impulsar la econom\u00eda circular de los dispositivos digitales. Con la ayuda de ZWE, queremos encontrar municipios interesados \u200b\u200by organizaciones locales de residuos cero dispuestas a poner en marcha circuitos locales de reutilizaci\u00f3n y centros de reutilizaci\u00f3n social que reparen, renueven y comercialicen dispositivos digitales usados \u200b\u200bde segunda mano.<br \/>\nWEB: <a href=\"http:\/\/www.zerowasteeurope.eu\">zerowasteeurope.eu<\/a><\/p>\n<h3>El proyecto Restart<\/h3>\n<p>El proyecto de reinicio ayuda a la gente a aprender a reparar sus componentes electr\u00f3nicos rotos ya repensar c\u00f3mo los consumen. Organizan fiestas de reinicio habituales, en las que las personas se ense\u00f1an mutuamente a reparar sus dispositivos rotos y lentos, desde tabletas hasta tostadoras, desde iPhone hasta los auriculares.<\/p>\n<p>WEB: <a href=\"http:\/\/www.therestartproject.org\">therestartproject.org<\/a><\/p>\n<h3>Asociaci\u00f3n para el Progreso de las Comunicaciones<\/h3>\n<p>La Asociaci\u00f3n para el Progreso de las Comunicaciones es a la vez una red y una organizaci\u00f3n. Los miembros de APC son grupos e individuos que trabajan en sus pa\u00edses para apoderar y apoyar a organizaciones, movimientos sociales e individuos en y mediante el uso de las tecnolog\u00edas de la informaci\u00f3n y la comunicaci\u00f3n (TIC) para construir comunidades e iniciativas estrat\u00e9gicas con el prop\u00f3sito de realizar contribuciones significativas a la equidad humano. desarrollo, justicia social, procesos pol\u00edticos participativos y sostenibilidad ambiental. Hemos iniciado una campa\u00f1a global para promover la creaci\u00f3n de circuitos de reutilizaci\u00f3n en los municipios.<br \/>\nWEB: <a href=\"http:\/\/apc.org\">apc.org<\/a><\/p>\n<h2>Universidades<\/h2>\n<h3>Universidad Polit\u00e8cnica de Catalunya<\/h3>\n<p>El Grupo de Sistemas Distribuidos de upc.edu realiza investigaciones sobre sistemas distribuidos y redes inform\u00e1ticas en las \u00e1reas de modelos, algoritmos y software para sistemas y aplicaciones grandes, complejos, din\u00e1micos y descentralizados. Observamos las redes comunitarias a gran escala y descentralizadas y las nubes comunitarias, los sistemas distribuidos orientados a la econom\u00eda y los mecanismos de asignaci\u00f3n de recursos. Las actividades est\u00e1n en torno al dise\u00f1o, modelado y evaluaci\u00f3n de sistemas mediante modelizaci\u00f3n y experimentaci\u00f3n en despliegues reales. Los resultados son arquitecturas de sistemas, algoritmos, software, modelos de regulaci\u00f3n y adaptaci\u00f3n, asignaci\u00f3n descentralizada de recursos y mecanismos basados \u200b\u200ben la teor\u00eda de juegos. El grupo est\u00e1 formado por cuatro profesores y un n\u00famero variable de estudiantes de doctorado y master.<\/p>\n<p>Etiquetas: Grupo de investigaci\u00f3n<br \/>\nWEB: <a href=\"https:\/\/dsg.ac.upc.edu\/\">Grupo de sistemas distribuidos<\/a><\/p>\n<h2>Tecnol\u00f3gica<\/h2>\n<p><a name=\"T\"><\/a><\/p>\n<h3>Usody<\/h3>\n<p>Usody es una soluci\u00f3n de rastreo B2B para medir &amp; optimizar el impacto de la econom\u00eda circular de los dispositivos digitales. Las empresas que disponen o venden dispositivos digitales como m\u00f3viles, ordenadores de sobremesa y ordenadores port\u00e1tiles no est\u00e1n aprovechando la econom\u00eda circular y el impacto social que generan. Trazamos de forma an\u00f3nima la cadena inversa de custodia de la propiedad e informamos de datos para evaluar el impacto social y ambiental de la reutilizaci\u00f3n y el reciclaje final, generando confianza para permitir que las administraciones p\u00fablicas y las empresas puedan ofrecer sus dispositivos para su reutilizaci\u00f3n en los distribuidores. Sin embargo, los distribuidores no se sienten c\u00f3modos compartiendo abiertamente estos datos de trazabilidad. Temen a los competidores, o incluso podr\u00edan ser penalizados si uno de sus dispositivos no se recicla correctamente al t\u00e9rmino de su vida \u00fatil. Nos diferenciamos de los dem\u00e1s ofreciendo trazabilidad &amp; afectando a la contabilidad como servicio aut\u00f3nomo que pueden utilizar los distribuidores existentes. Los distribuidores son nuestros socios, no la competencia, y les permitimos ofrecer contabilidad de impacto.<\/p>\n<p>Etiquetas: empresa inform\u00e1tica<br \/>\nWEB: <a href=\"http:\/\/usody.com\">usody.com<\/a><\/p>\n<h2>Econom\u00eda social<\/h2>\n<p>Estamos buscando socios para abordar estos problemas a nivel mundial.<\/p>\n<p><a name=\"SE\"><\/a><\/p>\n<h2>Fair Electronics<\/h2>\n<p><a name=\"FE\"><\/a><\/p>\n<h3>Electronics Watch<\/h3>\n<p>Electronics Watch es una organizaci\u00f3n cuya misi\u00f3n es ayudar a las organizaciones del sector p\u00fablico a colaborar con socios de monitorizaci\u00f3n locales para proteger los derechos laborales y la seguridad de los trabajadores de sus cadenas de suministro de electr\u00f3nica. Estamos buscando qu\u00e9 estructuras de datos se necesitan para conseguir la trazabilidad, empezando por la fabricaci\u00f3n de componentes.<br \/>\nWEB: <a href=\"http:\/\/electronicswatch.org\">electronicswatch.org<\/a>","protected":false},"excerpt":{"rendered":"<p>Junto a nuestros socios estrat\u00e9gicos, desarrollamos plataformas de reutilizaci\u00f3n electr\u00f3nica que abren nuevas oportunidades para ampliar y acelerar la transici\u00f3n hacia una econom\u00eda circular de la electr\u00f3nica. Nuestros socios son grupos internacionales que promueven la concienciaci\u00f3n social sobre el impacto social y ambiental de la electr\u00f3nica, la econom\u00eda social, el derecho a reparar, Zero Waste, &hellip;<\/p>\n","protected":false},"author":2617,"featured_media":1896,"parent":0,"menu_order":0,"comment_status":"closed","ping_status":"closed","template":"","meta":{"footnotes":""},"class_list":["post-1951","page","type-page","status-publish","has-post-thumbnail","hentry"],"jetpack_sharing_enabled":true,"_links":{"self":[{"href":"https:\/\/ereuse.org\/es\/wp-json\/wp\/v2\/pages\/1951","targetHints":{"allow":["GET"]}}],"collection":[{"href":"https:\/\/ereuse.org\/es\/wp-json\/wp\/v2\/pages"}],"about":[{"href":"https:\/\/ereuse.org\/es\/wp-json\/wp\/v2\/types\/page"}],"author":[{"embeddable":true,"href":"https:\/\/ereuse.org\/es\/wp-json\/wp\/v2\/users\/2617"}],"replies":[{"embeddable":true,"href":"https:\/\/ereuse.org\/es\/wp-json\/wp\/v2\/comments?post=1951"}],"version-history":[{"count":27,"href":"https:\/\/ereuse.org\/es\/wp-json\/wp\/v2\/pages\/1951\/revisions"}],"predecessor-version":[{"id":2815,"href":"https:\/\/ereuse.org\/es\/wp-json\/wp\/v2\/pages\/1951\/revisions\/2815"}],"wp:featuredmedia":[{"embeddable":true,"href":"https:\/\/ereuse.org\/es\/wp-json\/wp\/v2\/media\/1896"}],"wp:attachment":[{"href":"https:\/\/ereuse.org\/es\/wp-json\/wp\/v2\/media?parent=1951"}],"curies":[{"name":"wp","href":"https:\/\/api.w.org\/{rel}","templated":true}]}}