{"id":1905,"date":"2018-10-14T18:35:45","date_gmt":"2018-10-14T17:35:45","guid":{"rendered":"https:\/\/www.ereuse.org\/?page_id=1905"},"modified":"2024-07-22T20:27:24","modified_gmt":"2024-07-22T19:27:24","slug":"reuse-of-electronics","status":"publish","type":"page","link":"https:\/\/ereuse.org\/es\/reuse-of-electronics\/","title":{"rendered":"Conceptos"},"content":{"rendered":"<!-- \/wp:image -->\r\n\r\n<!-- wp:image {\"id\":1823,\"align\":\"right\"} -->\r\n<figure class=\"wp-block-image alignright\"><img loading=\"lazy\" decoding=\"async\" width=\"380\" height=\"399\" src=\"https:\/\/www.ereuse.org\/files\/2018\/10\/2016-08-24-eReuse.org-lifecycle-V7-new-version-lowquality-e1550936004446.png\" alt=\"\" class=\"wp-image-1823\" \/><\/figure>\r\n<!-- \/wp:image -->\r\n\r\n<!-- wp:paragraph -->\r\n<p>La reutilizaci\u00f3n de dispositivos electr\u00f3nicos como ordenadores de sobremesa, ordenadores port\u00e1tiles o tel\u00e9fonos m\u00f3viles se aplica a los dispositivos que ya se han fabricado y ya no est\u00e1n en uso (eliminaci\u00f3n) y se reciclar\u00e1n a menos que sean renovados\/reacondicionados (reparados), actualizados) y se utiliza de nuevo o se redistribuye a otros usuarios.<\/p>\r\n<!-- \/wp:paragraph -->\r\n\r\n<!-- wp:paragraph -->\r\n<p>Decimos que un dispositivo o componente es reutilizable si tiene o puede tener valor de uso para alguien:<\/p>\r\n<!-- \/wp:paragraph -->\r\n\r\n<!-- wp:list -->\r\n<ul><!-- wp:list-item -->\r\n<li>Si el valor de uso del dispositivo es suficientemente alto, significa que existe en alg\u00fan lugar un usuario potencial para el mismo tal como es, y s\u00f3lo es necesario un proceso b\u00e1sico de renovaci\u00f3n, como borrar datos o restaurar el sistema operativo (esto se representa como un bucle de reutilizaci\u00f3n ciudadana en la siguiente figura).<\/li>\r\n<!-- \/wp:list-item --><\/ul>\r\n<!-- \/wp:list -->\r\n\r\n<!-- wp:list -->\r\n<ul><!-- wp:list-item -->\r\n<li>Si el valor de uso es demasiado bajo, se puede aumentar mediante varios tipos de acciones de renovaci\u00f3n: reparaci\u00f3n, sustituci\u00f3n de componentes da\u00f1ados y actualizaci\u00f3n\/actualizaci\u00f3n (esto se representa como un bucle de reutilizaci\u00f3n profesional en la siguiente figura).<\/li>\r\n<!-- \/wp:list-item --><\/ul>\r\n<!-- \/wp:list -->\r\n\r\n<!-- wp:paragraph -->\r\n<p>El proceso de reutilizaci\u00f3n finaliza cuando, al cabo de varios a\u00f1os, el dispositivo o componente llega a un estado de eliminaci\u00f3n, lo que significa que su valor de uso, entonces, o mediante posibles mejoras, no permite su reutilizaci\u00f3n. Luego, el ciclo llega al reciclaje para recuperar (reutilizar) materias primas y fabricar nuevos componentes. <a name=\"WCE\" class=\"mce-item-anchor\"><\/a><\/p>\r\n<!-- \/wp:paragraph -->\r\n\r\n<!-- wp:heading -->\r\n<h2 class=\"wp-block-heading\">\u00bfQu\u00e9 es la electr\u00f3nica circular?<\/h2>\r\n<!-- \/wp:heading -->\r\n\r\n<!-- wp:paragraph -->\r\n<p>La econom\u00eda circular es una forma ideal de cambiar el modelo de consumo actual basado en comprar, utilizar y tirar. Una econom\u00eda circular en electr\u00f3nica pretende preservar en uso los productos y componentes que ya se han fabricado y recuperar las materias primas cuando los dispositivos no sean ya reparables y funcionales.<\/p>\r\n<!-- \/wp:paragraph -->\r\n\r\n<!-- wp:paragraph -->\r\n<p>Circularidad significa crear un sistema autosuficiente que no requiere entradas de materias primas y carece de p\u00e9rdidas. Las p\u00e9rdidas son residuos que terminan en vertederos donde no se pueden recuperar los materiales.<\/P>\r\n<!-- \/wp:paragraph -->\r\n\r\n<!-- wp:paragraph -->\r\n<p>En una econom\u00eda circular, los productos y los materiales se consideran activos y las empresas se consideran usuarios que deber\u00edan reparar, actualizar y reutilizar sus dispositivos y materiales para mantenerlos en uso en lo posible.<\/p>\r\n<!-- \/wp:paragraph -->\r\n\r\n<!-- wp:paragraph -->\r\n<p>Apuntamos a una econom\u00eda circular en la que se realicen todos los procesos de reutilizaci\u00f3n viables hasta que el valor de uso de los dispositivos no permita una reutilizaci\u00f3n posterior y, al final, cualquier dispositivo reutilizado se recicle.<\/p>\r\n<!-- \/wp:paragraph -->\r\n\r\n<!-- wp:paragraph -->\r\n<p>Por lo tanto, tres principios son clave para lograr la electr\u00f3nica circular: reducir, reutilizar y reciclar. Debemos asegurarnos de que los dispositivos tengan un valor de uso bajo cuando se reciclen para que no se produzca un reciclaje prematuro.<a name=\"WERP\"><\/a><\/p>\r\n<!-- \/wp:paragraph -->\r\n\r\n<!-- wp:heading -->\r\n<h2 class=\"wp-block-heading\">\u00bfQu\u00e9 es un circuito de reutilizaci\u00f3n de dispositivos electr\u00f3nicos?<\/h2>\r\n<!-- \/wp:heading -->\r\n\r\n<p><span class=\"VIiyi\" lang=\"es\"><span class=\"JLqJ4b ChMk0b\" data-language-for-alternatives=\"es\" data-language-to-translate-into=\"es\" data-phrase-index=\"0\">En las ciudades, los miembros federados y los ayuntamientos colaboran y se coordinan en circuitos de reutilizaci\u00f3n <\/span><\/span>con un gran efecto en la creaci\u00f3n de puestos de trabajo inclusivos, en iniciar o acelerar la eficiencia y en la ampliaci\u00f3n del intercambio\/mercado local. de aparatos de segunda mano. Los ayuntamientos entregan equipos inform\u00e1ticos retirados a los centros locales de reutilizaci\u00f3n que son responsables del impacto de la econom\u00eda circular y colaboran entre s\u00ed para aumentar la reutilizaci\u00f3n y reciclaje.<\/p>\r\n<p>Hay dos niveles de circuitos: el primer nivel s\u00f3lo incluye los centros de reutilizaci\u00f3n; a este nivel cada actor tiene su propia plataforma federada, busca sus fondos de suministro de equipamientos y establece sus convenios de colaboraci\u00f3n entre otros centros de reutilizaci\u00f3n y revendedores. En el segundo nivel (colaborativo), existe una entidad residuo cero que hace de paraguas de los centros de reutilizaci\u00f3n.<\/p>\r\n<p>Los circuitos colaborativos establecen un acuerdo entre centros de reutilizaci\u00f3n y distribuidores para gestionar, compartir y mantener la circularidad de los dispositivos digitales y buscar la colaboraci\u00f3n en lugar de la competencia. La misi\u00f3n de un Circuito colaborativo es promover la cooperaci\u00f3n entre las entidades del sector de la reutilizaci\u00f3n y uso responsable, colaborativo y circular de los dispositivos digitales.<\/p><!-- \/wp:image -->\r\n\r\n\r\n<!-- wp:paragraph -->\r\n<p>El concepto de econom\u00eda circular puede llegar a ser muy el\u00e1stico. Su significado puede variar dr\u00e1sticamente en funci\u00f3n de los intereses de la persona que lo define, utiliza e implementa. Por ejemplo, se considera circular quemar residuos para la generaci\u00f3n de energ\u00eda. Si se acepta, \u00bfse seguir\u00e1 considerando circular la quema de un producto que podr\u00eda haber sido reutilizado? <a href=\"#WCE\">\u00bfQu\u00e9 es la electr\u00f3nica circular?<\/a><\/p>\r\n<!-- \/wp:paragraph -->\r\n\r\n<!-- wp:paragraph -->\r\n<p>Las entidades federadas en ereuse.org reforman y revenden dispositivos usados \u200b\u200bcomo m\u00f3viles, port\u00e1tiles u ordenadores de sobremesa. Estos miembros tambi\u00e9n crean plataformas de reutilizaci\u00f3n abiertas, locales y aut\u00f3nomas que aportan automatizaci\u00f3n, trazabilidad y auditabilidad en todos los pasos de la vida \u00fatil de los dispositivos con el objetivo de que la electr\u00f3nica sea asequible, duradera y responsable de impacto. <a href=\"#WERP\"> \u00bfQu\u00e9 es un circuito de reutilizaci\u00f3n de electr\u00f3nica?<\/a><a name=\"WRE\" class=\"mce-item-anchor\"><\/a><\/p>\r\n<!-- \/wp:paragraph -->\r\n\r\n<!-- wp:heading -->\r\n<h2 class=\"wp-block-heading\">\u00bfQu\u00e9 es la reutilizaci\u00f3n de electr\u00f3nica?<\/h2>\r\n<!-- \/wp:heading -->\r\n\r\n<!-- wp:image {\"id\":1823,\"align\":\"right\"} -->\r\n<figure class=\"wp-block-image alignright\"><img decoding=\"async\" src=\"https:\/\/www.ereuse.org\/files\/2018\/10\/2016-08-24-eReuse.org-lifecycle-V7-new- version-lowquality-e1550936004446.png\" alt=\"\" class=\"wp-image-1823\" \/><\/figure>\r\n<!--\/wp:image -->\r\n\r\n<!-- wp:paragraph -->\r\n<p>La reutilizaci\u00f3n de dispositivos electr\u00f3nicos como ordenadores de sobremesa, ordenadores port\u00e1tiles o tel\u00e9fonos m\u00f3viles se aplica a los dispositivos que ya se han fabricado y ya no est\u00e1n en uso (eliminaci\u00f3n) y se reciclar\u00e1n a menos que sean renovados\/reacondicionados (reparados) , actualizados) y se utiliza de nuevo o se redistribuye a otros usuarios.<\/p>\r\n<!-- \/wp:paragraph -->\r\n\r\n<!-- wp:paragraph -->\r\n<p>Decimos que un dispositivo o componente es reutilizable si tiene o puede tener valor de uso para alguien:<\/p>\r\n<!-- \/wp:paragraph -->\r\n\r\n<!-- wp:list -->\r\n<ul><!-- wp:list-item -->\r\n<li>Si el valor de uso del dispositivo es suficientemente alto, significa que existe en alg\u00fan lugar un usuario potencial para el mismo tal como es, y s\u00f3lo es necesario un proceso b\u00e1sico de renovaci\u00f3n, como borrar datos o restaurar el sistema operativo (esto se representa como un bucle de reutilizaci\u00f3n ciudadana en la siguiente figura).<\/li>\r\n<!-- \/wp:list-item --><\/ul>\r\n<!-- \/wp:list -->\r\n\r\n<!-- wp:list -->\r\n<ul><!-- wp:list-item -->\r\n<li>Si el valor de uso es demasiado bajo, se puede aumentar mediante varios tipos de acciones de renovaci\u00f3n: reparaci\u00f3n, sustituci\u00f3n de componentes da\u00f1ados y actualizaci\u00f3n\/actualizaci\u00f3n (esto se representa como un bucle de reutilizaci\u00f3n profesional en la siguiente figura).<\/li>\r\n<!-- \/wp:list-item --><\/ul>\r\n<!-- \/wp:list -->\r\n\r\n<!-- wp:paragraph -->\r\n<p>El proceso de reutilizaci\u00f3n finaliza cuando, al cabo de varios a\u00f1os, el dispositivo o componente llega a un estado de eliminaci\u00f3n, lo que significa que su valor de uso, entonces, o mediante posibles mejoras, no permite su reutilizaci\u00f3n. Luego, el ciclo llega al reciclaje para recuperar (reutilizar) materias primas y fabricar nuevos componentes. <a name=\"WCE\" class=\"mce-item-anchor\"><\/a><\/p>\r\n<!-- \/wp:paragraph -->\r\n\r\n<!-- wp:heading -->\r\n<h2 class=\"wp-block-heading\">\u00bfQu\u00e9 es la electr\u00f3nica circular?<\/h2>\r\n<!-- \/wp:heading -->\r\n\r\n<!-- wp:paragraph -->\r\n<p>La econom\u00eda circular es una forma ideal de cambiar el modelo de consumo actual basado en comprar, utilizar y tirar. Una econom\u00eda circular en electr\u00f3nica pretende preservar en uso los productos y componentes que ya se han fabricado y recuperar las materias primas cuando los dispositivos no sean ya reparables y funcionales.<\/p>\r\n<!-- \/wp:paragraph -->\r\n\r\n<!-- wp:paragraph -->\r\n<p>Circularidad significa crear un sistema autosuficiente que no requiere entradas de materias primas y carece de p\u00e9rdidas. Las p\u00e9rdidas son residuos que terminan en vertederos donde no se pueden recuperar los materiales.<\/P>\r\n<!-- \/wp:paragraph -->\r\n\r\n<!-- wp:paragraph -->\r\n<p>En una econom\u00eda circular, los productos y los materiales se consideran activos y las empresas se consideran usuarios que deber\u00edan reparar, actualizar y reutilizar sus dispositivos y materiales para mantenerlos en uso en lo posible.<\/p>\r\n<!-- \/wp:paragraph -->\r\n\r\n<!-- wp:paragraph -->\r\n<p>Apuntamos a una econom\u00eda circular en la que se realicen todos los procesos de reutilizaci\u00f3n viables hasta que el valor de uso de los dispositivos no permita una reutilizaci\u00f3n posterior y, al final, cualquier dispositivo reutilizado se recicle.<\/p>\r\n<!-- \/wp:paragraph -->\r\n\r\n<!-- wp:paragraph -->\r\n<p>Por lo tanto, tres principios son clave para lograr la electr\u00f3nica circular: reducir, reutilizar y reciclar. Debemos asegurarnos de que los dispositivos tengan un valor de uso bajo cuando se reciclen para que no se produzca un reciclaje prematuro.<a name=\"WERP\"><\/a><\/p>\r\n<!-- \/wp:paragraph -->\r\n\r\n<!-- wp:heading -->\r\n<h2 class=\"wp-block-heading\">\u00bfQu\u00e9 es un circuito de reutilizaci\u00f3n de dispositivos electr\u00f3nicos?<\/h2>\r\n<!-- \/wp:heading -->\r\n\r\n<p><span class=\"VIiyi\" lang=\"es\"><span class=\"JLqJ4b ChMk0b\" data-language-for-alternatives=\"es\" data-language-to-translate-into=\"es\" data-phrase-index=\"0\">En las ciudades, los miembros federados y los ayuntamientos colaboran y se coordinan en circuitos de reutilizaci\u00f3n <\/span><\/span>con un gran efecto en la creaci\u00f3n de puestos de trabajo inclusivos, en iniciar o acelerar la eficiencia y en la ampliaci\u00f3n del intercambio\/mercado local. de aparatos de segunda mano. Los ayuntamientos entregan equipos inform\u00e1ticos retirados a los centros locales de reutilizaci\u00f3n que son responsables del impacto de la econom\u00eda circular y colaboran entre s\u00ed para aumentar la reutilizaci\u00f3n y reciclaje.<\/p>\r\n<p>Hay dos niveles de circuitos: el primer nivel s\u00f3lo incluye los centros de reutilizaci\u00f3n; a este nivel cada actor tiene su propia plataforma federada, busca sus fondos de suministro de equipamientos y establece sus convenios de colaboraci\u00f3n entre otros centros de reutilizaci\u00f3n y revendedores. En el segundo nivel (colaborativo), existe una entidad residuo cero que hace de paraguas de los centros de reutilizaci\u00f3n.<\/p>\r\n<p>Los circuitos colaborativos establecen un acuerdo entre centros de reutilizaci\u00f3n y distribuidores para gestionar, compartir y mantener la circularidad de los dispositivos digitales y buscar la colaboraci\u00f3n en lugar de la competencia. La misi\u00f3n de un Circuito colaborativo es promover la cooperaci\u00f3n entre las entidades del sector de la reutilizaci\u00f3n y uso responsable, colaborativo y circular de los dispositivos digitales.<\/p><!-- \/wp:image -->","protected":false},"excerpt":{"rendered":"<p>La reutilizaci\u00f3n de dispositivos electr\u00f3nicos como ordenadores de sobremesa, ordenadores port\u00e1tiles o tel\u00e9fonos m\u00f3viles se aplica a los dispositivos que ya se han fabricado y ya no est\u00e1n en uso (eliminaci\u00f3n) y se reciclar\u00e1n a menos que sean renovados\/reacondicionados (reparados), actualizados) y se utiliza de nuevo o se redistribuye a otros usuarios. Decimos que un &hellip;<\/p>\n","protected":false},"author":2617,"featured_media":1896,"parent":0,"menu_order":0,"comment_status":"closed","ping_status":"closed","template":"","meta":{"footnotes":""},"class_list":["post-1905","page","type-page","status-publish","has-post-thumbnail","hentry"],"jetpack_sharing_enabled":true,"_links":{"self":[{"href":"https:\/\/ereuse.org\/es\/wp-json\/wp\/v2\/pages\/1905","targetHints":{"allow":["GET"]}}],"collection":[{"href":"https:\/\/ereuse.org\/es\/wp-json\/wp\/v2\/pages"}],"about":[{"href":"https:\/\/ereuse.org\/es\/wp-json\/wp\/v2\/types\/page"}],"author":[{"embeddable":true,"href":"https:\/\/ereuse.org\/es\/wp-json\/wp\/v2\/users\/2617"}],"replies":[{"embeddable":true,"href":"https:\/\/ereuse.org\/es\/wp-json\/wp\/v2\/comments?post=1905"}],"version-history":[{"count":119,"href":"https:\/\/ereuse.org\/es\/wp-json\/wp\/v2\/pages\/1905\/revisions"}],"predecessor-version":[{"id":2725,"href":"https:\/\/ereuse.org\/es\/wp-json\/wp\/v2\/pages\/1905\/revisions\/2725"}],"wp:featuredmedia":[{"embeddable":true,"href":"https:\/\/ereuse.org\/es\/wp-json\/wp\/v2\/media\/1896"}],"wp:attachment":[{"href":"https:\/\/ereuse.org\/es\/wp-json\/wp\/v2\/media?parent=1905"}],"curies":[{"name":"wp","href":"https:\/\/api.w.org\/{rel}","templated":true}]}}