{"id":1841,"date":"2018-10-13T08:48:28","date_gmt":"2018-10-13T07:48:28","guid":{"rendered":"https:\/\/www.ereuse.org\/?page_id=1841"},"modified":"2024-07-22T20:53:29","modified_gmt":"2024-07-22T19:53:29","slug":"circuits","status":"publish","type":"page","link":"https:\/\/ereuse.org\/es\/circuits\/","title":{"rendered":"Circuitos"},"content":{"rendered":"Las administraciones p\u00fablicas y las entidades locales de econom\u00eda circular cuentan con circuitos de reutilizaci\u00f3n formales, escalables y sostenibles que ofrecen trazabilidad y garantizan un correcto reciclaje. Los ayuntamientos entregan excedentes de dispositivos a ciudadanos y organizaciones, con gran efecto en la creaci\u00f3n de empleos inclusivos, iniciando o acelerando la eficiencia y ampliando el intercambio\/mercado local de computadoras y m\u00f3viles de segunda mano, y trabajos relacionados de transporte, renovaci\u00f3n, soporte y reciclaje.<\/p>\n<p>Los usuarios de dispositivos son ciudadanos que prefieren dispositivos de segunda mano por motivos medioambientales, ciudadanos en riesgo de exclusi\u00f3n apoyados o asesorados por servicios sociales p\u00fablicos y organizaciones que demandan un mayor volumen de dispositivos como escuelas, empresas sociales, medio ambiente o presupuestos p\u00fablicos o privados. organizaciones. Los ciudadanos se benefician de un conjunto de dispositivos a un menor costo econ\u00f3mico y ambiental, adem\u00e1s de crear empleos locales (en organizaciones sociales y comerciales) para la recolecci\u00f3n, renovaci\u00f3n y soporte (computaci\u00f3n como servicio) por parte de locales para locales.<\/p>\n<h3>Barcelona &#8211; <span class=\"VIiyi\" lang=\"es\"><span class=\"JLqJ4b ChMk0b\"><span class=\"Q4iAWc\">Circuito Pangea de Econom\u00eda Social y Solidaria<\/span><\/span><\/span><\/h3>\n<p><span class=\"VIiyi\" lang=\"es\"><span class=\"JLqJ4b ChMk0b\"><span class=\"Q4iAWc\">En Barcelona, \u200b\u200b18 entidades han creado el Circuito Pangea de Econom\u00eda Social y Solidaria, donde adem\u00e1s de compartir una plataforma tecnol\u00f3gica, compartimos y mantenemos los dispositivos.<\/span><\/span> <span class=\"JLqJ4b ChMk0b\"><span class=\"Q4iAWc\">Trabajar en comunidad y localmente nos permite escalar y sostener costos, especializarnos en determinados servicios, y adecuar mejor la oferta y la demanda de dispositivos.<\/span><\/span> <span class=\"JLqJ4b ChMk0b\"><span class=\"Q4iAWc\">Este Circuito es aut\u00f3nomo respecto de eReuse, y solo incluye a las entidades de la econom\u00eda social y solidaria de eReuse.<\/span><\/span><\/span><\/p>\n<p><a href=\"https:\/\/www.ereuse.org\/circuit-pangea\/\">Enlace al Circuito Pangea.<\/a><\/p>\n<h3>Madrid &#8211; Circuito Sempiterna<\/h3>\n<p>El Circuito Sempiterna es una red de entidades, instituciones y empresas de econom\u00eda social que promueven la econom\u00eda circular en el \u00e1mbito de la electr\u00f3nica. Realizamos las funciones de distribuci\u00f3n, reparaci\u00f3n, reacondicionamiento, comercializaci\u00f3n, mantenimiento y reciclaje, asegurando la trazabilidad y reutilizaci\u00f3n formal de los dispositivos, evitando el reciclaje prematuro. Las entidades participantes cooperan para desarrollar, mantener y compartir un conjunto de herramientas, m\u00e9todos y datos tecnol\u00f3gicos organizados para el bien com\u00fan.<\/p>\n<p><a href=\"https:\/\/www.sempiterna.red\/la-red\/\">Enlace al Circuito Sempiterna.<\/a>","protected":false},"excerpt":{"rendered":"<p>Las administraciones p\u00fablicas y las entidades locales de econom\u00eda circular cuentan con circuitos de reutilizaci\u00f3n formales, escalables y sostenibles que ofrecen trazabilidad y garantizan un correcto reciclaje. Los ayuntamientos entregan excedentes de dispositivos a ciudadanos y organizaciones, con gran efecto en la creaci\u00f3n de empleos inclusivos, iniciando o acelerando la eficiencia y ampliando el intercambio\/mercado &hellip;<\/p>\n","protected":false},"author":2617,"featured_media":1896,"parent":0,"menu_order":0,"comment_status":"closed","ping_status":"closed","template":"","meta":{"footnotes":""},"class_list":["post-1841","page","type-page","status-publish","has-post-thumbnail","hentry"],"jetpack_sharing_enabled":true,"_links":{"self":[{"href":"https:\/\/ereuse.org\/es\/wp-json\/wp\/v2\/pages\/1841","targetHints":{"allow":["GET"]}}],"collection":[{"href":"https:\/\/ereuse.org\/es\/wp-json\/wp\/v2\/pages"}],"about":[{"href":"https:\/\/ereuse.org\/es\/wp-json\/wp\/v2\/types\/page"}],"author":[{"embeddable":true,"href":"https:\/\/ereuse.org\/es\/wp-json\/wp\/v2\/users\/2617"}],"replies":[{"embeddable":true,"href":"https:\/\/ereuse.org\/es\/wp-json\/wp\/v2\/comments?post=1841"}],"version-history":[{"count":29,"href":"https:\/\/ereuse.org\/es\/wp-json\/wp\/v2\/pages\/1841\/revisions"}],"predecessor-version":[{"id":2732,"href":"https:\/\/ereuse.org\/es\/wp-json\/wp\/v2\/pages\/1841\/revisions\/2732"}],"wp:featuredmedia":[{"embeddable":true,"href":"https:\/\/ereuse.org\/es\/wp-json\/wp\/v2\/media\/1896"}],"wp:attachment":[{"href":"https:\/\/ereuse.org\/es\/wp-json\/wp\/v2\/media?parent=1841"}],"curies":[{"name":"wp","href":"https:\/\/api.w.org\/{rel}","templated":true}]}}