{"id":1798,"date":"2018-09-08T06:02:41","date_gmt":"2018-09-08T05:02:41","guid":{"rendered":"https:\/\/www.ereuse.org\/?page_id=1798"},"modified":"2019-06-11T11:49:40","modified_gmt":"2019-06-11T10:49:40","slug":"events","status":"publish","type":"page","link":"https:\/\/ereuse.org\/es\/events\/","title":{"rendered":"Events"},"content":{"rendered":"<h1><strong>2019<\/strong><\/h1>\n<ul>\n<li>Climate change under construction: an environmentally sustainable Internet, Rightscon Tunis 2019, June 12 (<a href=\"https:\/\/rightscon2019.sched.com\/event\/PvrD\/climate-change-=%20under-construction-an-environmentally-sustainable-internet#\">Conference<\/a>).<\/li>\n<li>Economia circular i col\u00b7laboraci\u00f3 empresarial, 6a edici\u00f3 Cicle Idees x Business, 21 mar\u00e7, Location: Edifici Tecnoparc, Fira Reus, Av. Bellissens 40, Reus, UOC, In\u00e8dit (<a href=\"http:\/\/symposium.uoc.edu\/30417\/programme\/6a-edicio-cicle-idees-x-business.html\">Simposium<\/a>)<\/li>\n<li>Mobile World Congress, 27 February, Location: Hall 4YFN Montjuic Hall M8 Stand 72, Barcelona (<a href=\"http:\/\/catempren.gencat.cat\/web\/.content\/01_HOME\/primer\/startups-Primer.pdf\">startups program<\/a>).<\/li>\n<li>Panel: Experiences in repairing and recycling electronic products from the solidarity economy, companies and the public sector. Mobile Social Congress, 27 February, Pati Manning, Barcelona (<a href=\"http:\/\/mobilesocialcongress.cat\/en\/program-2019\/\">program<\/a>).<\/li>\n<li>Webinar: How to extend the electronic devices lifespan and reduce E waste at the city level learning from the Barcelona experience,\u00a0 Zero Waste Europe,\u00a05 February (<a href=\"https:\/\/zerowastecities.eu\/masterplan-events\/5-february-2019-2pm-reduce-e-waste-at-city-level\/\">Webinar<\/a>).<\/li>\n<li>Conference: <span class=\"gmail-ss-required-asterisk\"> \u00abL&#8217;atzarosa vida de m\u00f2bils i ordinadors: Reutilitzaci\u00f3, tra\u00e7abilitat a eReuse.org\u00bb, Barceloona Free Software, Verse Office, Pla\u00e7a Catalunya 21, 3rd floor, Barcelona, 30 January (<a href=\"https:\/\/www.meetup.com\/Barcelona-Free-Software\/events\/258295938\/\">Meetup<\/a>).<\/span><\/li>\n<\/ul>\n<h1><strong>2018<\/strong><\/h1>\n<ul>\n<li>Panel: \u00abPresentaci\u00f3 de les 44 mesures per a l&#8217;Apoderament Digital als municipis, Barcelona, 29 Novembre. (<a href=\"https:\/\/gitlab.com\/estrategies_per_apoderament_digital\/estrategies_municipals_per_apoderament_digital\/blob\/master\/comunicacio\/2018_11_29_presentacio\/presentacio_ApodDig.png\">presentation<\/a>)<\/li>\n<li>Panel IqF sobirania i reutilitzaci\u00f3<b>,<\/b> &#8216;Plataforma col\u00b7laborativa i social per a la reparaci\u00f3 i reutilitzaci\u00f3 dels dispositius digitals&#8217; Mat\u00ed Maker #4 Ajuntament de Barcelona -26 November.<\/li>\n<li>Working group meeting:\u00a0 EEB.org Waste and Ecoproducts Working Group meeting &#8211; 26-28.11 2018 in Barcelona. (<a href=\"https:\/\/nextcloud.pangea.org\/index.php\/s\/xBFdzg8jr26HYA7\">Data set<\/a>, <a href=\"https:\/\/nextcloud.pangea.org\/index.php\/s\/5RnLWKD8i5axfEc\">presentation<\/a>)<\/li>\n<li>Conference: \u00abLa reutilitzaci\u00f3, eina clau en la prevenci\u00f3\u00bb, 16a Jornada de Prevenci\u00f3 de Residus, simbiosi industrial, la via cap a l&#8217;economia circular\u00bb, 21 November (<a href=\"http:\/\/residus.gencat.cat\/web\/.content\/home\/lagencia\/agenda\/2018\/11-21_Jornada_prevencio\/PROGRAMA-JORNADA-CATfinal.pdf\">Conference<\/a>)<\/li>\n<li>Conference: \u00abCircuits comunitaris de reutilitzaci\u00f3 d&#8217;ordinadors\u00bb, Smart City Expo World Congress, BCN Speakers&#8217; Corner. 15 November<\/li>\n<li>Conference. \u201cCom les TIC contribueixen a l\u2019economia circular: ecodisseny, reciclatge i reutilitzaci\u00f3\u201d, Smart City Expo World Congress, 13 November. (<a href=\"http:\/\/www.ctecno.cat\/nou-esmorzar-networking-com-les-tic-contribueixen-a-leconomia-circular-ecodisseny-reciclatge-i-reutilitzacio\">Conference<\/a>).<\/li>\n<li>Conference. \u00abHow to Ensure Chain of Custody &amp; Status of Electronic Assets\u00bb in Electronic Reuse Conference, Nashville (USA), 31 October. (<a href=\"http:\/\/www.ereuseconference.com\/\">Conference<\/a>).<\/li>\n<li>Conference \u00abCooperaci\u00f3 i eines tecnol\u00f2giques de codi lliure per a la sostenibilitat de negocis locals amb projecci\u00f3 global\u00bb, in Tecnofesc 2018, Barcelona, 23 October. <a href=\"http:\/\/fesc.xes.cat\/programa\/programa-activitats-i-xerrades\/\">(Conference)<\/a><\/li>\n<li>Conference.\u00a0 \u00abCircuits de Reutilitzaci\u00f3 Municipals\u00bb. Jornada Prevenci\u00f3 de Residus, 19 October, Mallorca (Spain).<\/li>\n<li>Conference.\u00a0 \u00abHow a smart tags driven service platform enables a circular economy\u00bb. In\u00a0Unlimited opportunities in a circular economy 26\/09, Oslo .(<a href=\"https:\/\/oiw.no\/program\/unlimited-opportunities-in-a-circular-economy\">Conference<\/a>),<\/li>\n<li>Meeting. \u00abJoin Reserach Centre. October, Sevilla (Spain).<\/li>\n<li>Conference. \u00abDevices as a Commons: limits to premature recycling\u00bb, In Proceedings of Fourth Workshop on Computing within Limits (Limits\u201918). June, ACM, New York (USA). <a href=\"http:\/\/computingwithinlimits.org\/2018\"> (Conference <\/a> | <a href=\"http:\/\/computingwithinlimits.org\/2018\/papers\/limits18-franquesa.pdf\">paper<\/a>).<\/li>\n<li>Conference. Presentation of eReuse project in EU project MARES Madrid, June.<\/li>\n<li>Award. EWWR EU Green Week, May, Brussels (Belgium).<\/li>\n<li>Conference. Matins Maker, Mars, Barcelona (Spain).<\/li>\n<li>Congress: Mobil Social Congress, February, Barcelona (Spain).<\/li>\n<\/ul>\n<h1><strong>2017<\/strong><\/h1>\n<ul>\n<li>Meeting. \u00abTagItSmart Policy Informal Meeting\u00bb, TagITSmart Consortium, October, Brussels(Belgium),<\/li>\n<li>Fair. \u00abFira Economia Social i Solidaria\u00bb, October, Barcelona (Spain).<\/li>\n<li>Training. La Comunificadora, October, Barcelona (Spain).<\/li>\n<li>Conference.\u00a0 \u00abProjecte eReuse i plataforma Pangea\u00bb, dins Seminari de Preparaci\u00f3 IX Setmana Europea de la Prevenci\u00f3 de Residus. September, Barcelona(Spain).<\/li>\n<li>Conference. \u00abConsum educatiu, social, col\u00b7laboratiu i circular d&#8217;equips inform\u00e0tics\u00bb, en Biz Economia social, May, Barcelona(Spain).<\/li>\n<\/ul>\n<h1><strong>2016<\/strong><\/h1>\n<ul>\n<li>Conference. \u00abA Circular Commons for Digital Devices\u00bb, Second Workshop on Computing within Limits, June 9-10, 2016, Irvine, CA, USA. <a href=\"http:\/\/computingwithinlimits.org\/2016\"> (Conference <\/a> | <a href=\"http:\/\/dl.acm.org\/citation.cfm?id=2926684\">paper<\/a>|<a href=\"https:\/\/youtu.be\/tQYE5SoPwAA\">video<\/a>).<\/li>\n<li>Conference. Presentation in (<a href=\"http:\/\/ereuseconference.com\/\"> Electronic Reuse Conference <\/a>) (October 2016). Concurrent Session 17, Open Source Tools for Hardware Testing &amp; Tracking, David Franquesa, eReuse.org &#8211; Electronic Reuse Federation, Houston, USA<\/li>\n<li>Workshop. \u00abOpen Source Circular Economy for Digital Devices\u00bb, Digital DIY Community Day Barcelona, 6th July 2016, Barcelona, Spain. (<a href=\"http:\/\/www.didiy.eu\/digital-diy-community-day-barcelona\">Workshop<\/a>|pdf|<a href=\"http:\/\/etherpad.guifi.net\/p\/DiDIY4BCN-workshop5\">Pad<\/a>).<\/li>\n<li>Conference. \u00abElectronic Reuse\u00bb, Zero waste annual General meeting, 21-22 April, Ljubljana, Slovenia, 2016. (<a href=\"http:\/\/ebm.si\/p\/zwe16\/about-conference\"> Conference <\/a>).<\/li>\n<li>Fair. Barcelona Solidary Economy Fair. (October 2016).<\/li>\n<li>Workshop. Presentation at workshop (June 2016). Co-design session, expert session, dissemination. Second OSCE Days &#8211; Open Source and Circular Economy, June 9-13, Barcelona, Spain. eReuse.org commons license is discussed and the last version of the tools.<\/li>\n<li>Conference. Presentation at BIZ Barcelona (June 2016). Dissemination, broadcasted at news. Introducing the Biz Barcelona in the field of circular economy, social economy and cooperative economy.<\/li>\n<li>Conference. Presentation at a conference (May 2016). Co-design, expert session, dissemination. Commons in a \u201cGlocal\u201d World, GLOBAL CONNECTIONS AND LOCAL RESPONSES, 10\u201313 May, 2016, University of Bern, Main Building, IASC Regional Conference (Europe) 2016, Bern, Switzerland<\/li>\n<li>Presentation at conference (March 2016). Co-design, expert session, dissemination. Presentation of eReuse.org at Procomuns 2016, Barcelona, Spain.<\/li>\n<li>Organize a conference and training (February 2016). Co-design, expert session, dissemination, training, \u00abMobile Social Commons\u00bb. Presentation at a conference (February 2016).<\/li>\n<\/ul>\n<h1><strong>2015<\/strong><\/h1>\n<ul>\n<li>Periodic review meeting of project CHEST &#8211; Collective enHanced Environment for Social Tasks, Brussels Dec 8 2015.<\/li>\n<li>Conference \u00abBreaking Barriers on Reuse of Digital Devices Ensuring Final Recycling\u00bb. EnviroInfo Conference 2015. Copenhagen, September 9-11 2015. This work received the <b>\u00abBest Paper Award\u00bb<\/b>. (<a href=\"https:\/\/upcommons.upc.edu\/bitstream\/handle\/2117\/83783\/envinfo2015ereuse.pdf\">PDF<\/a>|<a href=\"http:\/\/goo.gl\/MGld0u\"> HTML<\/a>).<\/li>\n<li>Dissemination, co-design \u00abLa preparaci\u00f3n para la reutilizaci\u00f3n de RAEE &#8211; un a\u00f1o despu\u00e9s de la aprobaci\u00f3n del RD RAEE, an\u00e1lisis y perspectivas de futuro\u00bb. Minister of Agriculture, Spain, AERESS, Madrid, Spain, February 2016<\/li>\n<\/ul>\n","protected":false},"excerpt":{"rendered":"<p>2019 Climate change under construction: an environmentally sustainable Internet, Rightscon Tunis 2019, June 12 (Conference). Economia circular i col\u00b7laboraci\u00f3 empresarial, 6a edici\u00f3 Cicle Idees x Business, 21 mar\u00e7, Location: Edifici Tecnoparc, Fira Reus, Av. Bellissens 40, Reus, UOC, In\u00e8dit (Simposium) Mobile World Congress, 27 February, Location: Hall 4YFN Montjuic Hall M8 Stand 72, Barcelona (startups &hellip;<\/p>\n","protected":false},"author":2617,"featured_media":1896,"parent":0,"menu_order":0,"comment_status":"closed","ping_status":"closed","template":"","meta":{"footnotes":""},"class_list":["post-1798","page","type-page","status-publish","has-post-thumbnail","hentry"],"jetpack_sharing_enabled":true,"_links":{"self":[{"href":"https:\/\/ereuse.org\/es\/wp-json\/wp\/v2\/pages\/1798","targetHints":{"allow":["GET"]}}],"collection":[{"href":"https:\/\/ereuse.org\/es\/wp-json\/wp\/v2\/pages"}],"about":[{"href":"https:\/\/ereuse.org\/es\/wp-json\/wp\/v2\/types\/page"}],"author":[{"embeddable":true,"href":"https:\/\/ereuse.org\/es\/wp-json\/wp\/v2\/users\/2617"}],"replies":[{"embeddable":true,"href":"https:\/\/ereuse.org\/es\/wp-json\/wp\/v2\/comments?post=1798"}],"version-history":[{"count":27,"href":"https:\/\/ereuse.org\/es\/wp-json\/wp\/v2\/pages\/1798\/revisions"}],"predecessor-version":[{"id":2346,"href":"https:\/\/ereuse.org\/es\/wp-json\/wp\/v2\/pages\/1798\/revisions\/2346"}],"wp:featuredmedia":[{"embeddable":true,"href":"https:\/\/ereuse.org\/es\/wp-json\/wp\/v2\/media\/1896"}],"wp:attachment":[{"href":"https:\/\/ereuse.org\/es\/wp-json\/wp\/v2\/media?parent=1798"}],"curies":[{"name":"wp","href":"https:\/\/api.w.org\/{rel}","templated":true}]}}