{"id":2573,"date":"2022-10-10T08:56:54","date_gmt":"2022-10-10T07:56:54","guid":{"rendered":"https:\/\/www.ereuse.org\/?page_id=2573"},"modified":"2022-10-10T09:04:51","modified_gmt":"2022-10-10T08:04:51","slug":"circuit-pangea","status":"publish","type":"page","link":"https:\/\/ereuse.org\/en\/circuit-pangea\/","title":{"rendered":"Circuit Pangea"},"content":{"rendered":"\n<p>A Barcelona, 18 entitats hem creat el Circuit eReuse Barcelona d&#8217;Economia Social i Solid\u00e0ria, on a m\u00e9s de compartir<br>una plataforma tecnol\u00f2gica, compartim i mantenim els dispositius. Treballar en comunitat i en l&#8217;\u00e0mbit local ens permet escalar i sostenir els costos, especialitzar-nos en uns serveis determinats i ajustar millor l&#8217;oferta i la demanda de dispositius. Aquest Circuit \u00e9s aut\u00f2nom vers eReuse, i nom\u00e9s inclou les entitats de l&#8217;economia social i solid\u00e0ria d\u2019eReuse.<\/p>\n\n\n\n<p><\/p>\n\n\n\n<p><\/p>\n","protected":false},"excerpt":{"rendered":"<p>A Barcelona, 18 entitats hem creat el Circuit eReuse Barcelona d&#8217;Economia Social i Solid\u00e0ria, on a m\u00e9s de compartiruna plataforma tecnol\u00f2gica, compartim i mantenim els dispositius. Treballar en comunitat i en l&#8217;\u00e0mbit local ens permet escalar i sostenir els costos, especialitzar-nos en uns serveis determinats i ajustar millor l&#8217;oferta i la demanda de dispositius. Aquest &hellip;<\/p>\n","protected":false},"author":2617,"featured_media":0,"parent":0,"menu_order":0,"comment_status":"closed","ping_status":"closed","template":"","meta":{"footnotes":""},"class_list":["post-2573","page","type-page","status-publish","hentry"],"jetpack_sharing_enabled":true,"_links":{"self":[{"href":"https:\/\/ereuse.org\/en\/wp-json\/wp\/v2\/pages\/2573","targetHints":{"allow":["GET"]}}],"collection":[{"href":"https:\/\/ereuse.org\/en\/wp-json\/wp\/v2\/pages"}],"about":[{"href":"https:\/\/ereuse.org\/en\/wp-json\/wp\/v2\/types\/page"}],"author":[{"embeddable":true,"href":"https:\/\/ereuse.org\/en\/wp-json\/wp\/v2\/users\/2617"}],"replies":[{"embeddable":true,"href":"https:\/\/ereuse.org\/en\/wp-json\/wp\/v2\/comments?post=2573"}],"version-history":[{"count":2,"href":"https:\/\/ereuse.org\/en\/wp-json\/wp\/v2\/pages\/2573\/revisions"}],"predecessor-version":[{"id":2576,"href":"https:\/\/ereuse.org\/en\/wp-json\/wp\/v2\/pages\/2573\/revisions\/2576"}],"wp:attachment":[{"href":"https:\/\/ereuse.org\/en\/wp-json\/wp\/v2\/media?parent=2573"}],"curies":[{"name":"wp","href":"https:\/\/api.w.org\/{rel}","templated":true}]}}