{"id":932,"date":"2016-05-23T00:14:57","date_gmt":"2016-05-23T00:14:57","guid":{"rendered":"http:\/\/www.ereuse.org\/?page_id=932"},"modified":"2025-09-22T15:42:40","modified_gmt":"2025-09-22T14:42:40","slug":"members","status":"publish","type":"page","link":"https:\/\/ereuse.org\/ca\/members\/","title":{"rendered":"Refurbishers and retailers"},"content":{"rendered":"<p>Els nostres membres s\u00f3n grups, empreses i organitzacions locals amb l&#8217;objectiu d&#8217;estendre la vida \u00fatil dels productes mitjan\u00e7ant reparaci\u00f3, renovaci\u00f3, venda al detall i, en general, reutilitzaci\u00f3.<\/p>\n\n<h2>Solidanca.cat<\/h2>\n<p style=\"text-align: left\">Solidan\u00e7a \u00e9s una organitzaci\u00f3 sense fins de lucre creada el 1997 dedicada a la formaci\u00f3 professional i la inserci\u00f3 laboral de persones en vulnerabilitat social. Per aix\u00f2, el 2006, es va crear l&#8217;empresa d&#8217;inserci\u00f3 laboral Solidan\u00e7a -Solidan\u00e7a Labor EI- que ofereix serveis al sector mediambiental, concretament en la gesti\u00f3 i revaloraci\u00f3 de determinades fraccions de residus.<\/p>\n<div>Nom: Solidan\u00e7a Treball, Empresa d&#8217;Inserci\u00f3, SL <br>Localitat: Sant Just Desvern <br>Regi\u00f3: Espanya<br>Codi postal: 08960 del Carrer: Carrer del Treball, 5 <br>Tel\u00e8fon: +34 93 685 44 34 <br>Latitud: 41.378881, Longitud: 2.067657 <br>Mapa:<a href=\"https:\/\/g.page\/Solidanca?share\" target=\"_blank\" rel=\"noopener noreferrer\"> Veure mapa<\/a><\/div>\n<p>TAGS: reformador, detallista, inserci\u00f3 laboral, sense \u00e0nim de lucre <a href=\"https:\/\/vimeo.com\/164547831\">testimoni<\/a>.<\/p>\n<h2>Reutilitza.upc.edu<\/h2>\n<p style=\"text-align: left\">La Universitat Polit\u00e8cnica de Catalunya (Espanya) compta amb un programa de reutilitzaci\u00f3 de l&#8217;aprenentatge-servei (reutilitza.upc.edu). Involucra m\u00e9s de 500 estudiants cada any en tasques relacionades amb la reparaci\u00f3 i la renovaci\u00f3 d&#8217;ordinadors. Fins al desembre del 2016, m\u00e9s de 2000 ordinadors van ser reparats, instal\u00b7lats i lliurats a 140 projectes solidaris a tot el m\u00f3n.<\/p>\n<div>\nNom: Programa UPC REUTILITZA <br>\nLocalitat: Barcelona<br>\nRegi\u00f3: Espanya<br>\nCodi postal: 08034 <br>\nCarrer: Edifici B5, Soterrani 3, Campus Nord, C\/Jordi Girona Salgado <br>\nLatitud: 41.388065, Longitud: 2.112517 <br>\nMapa:<a href=\"https:\/\/goo.gl\/maps\/PZQx1EFt2s3uVh3u5\" target=\"_blank\" rel=\"noopener noreferrer\">Veure mapa<\/a>\n<\/div>\n<p>TAGS: restaurador, detallista, aprenentatge-servei, universitat, organitzaci\u00f3 sense \u00e0nim de lucre, <a href=\"https:\/\/vimeo.com\/164547830\">testimoni<\/a>.<\/p>\n<h2>Pontsolidari.org<\/h2>\n<p style=\"text-align: left\">La Fundaci\u00f3 Banc de Recursos ubicada a Barcelona est\u00e0 centrada en la reutilitzaci\u00f3 i redistribuci\u00f3 de b\u00e9ns a nivell nacional i internacional i en projectes d&#8217;ajuda al desenvolupament. A trav\u00e9s de la plataforma online www.pontsolidari.org, s&#8217;estan reutilitzant ordinadors usats procedents de donacions d&#8217;empreses comercials en organitzacions socials i ben\u00e8fiques.<\/p>\n<div>Nom: Fundaci\u00f3 Banc de Recursos\n<div>Localitat: Barcelona<br>Regi\u00f3: Espanya<br>Codi postal: 08012<\/div>\n<div>Carrer: Gran de Gr\u00e0cia, 167, Principal 2a<\/div>\n<p>Latitud: 41.403169,Longitud: 2.152383<br>Mapa:<a href=\"https:\/\/goo.gl\/maps\/uQTDeoPTdHoXEWXDA\" target=\"_blank\" rel=\"noopener noreferrer\">Veure mapa<\/a> <\/p>\n<\/div>\n<p>TAGS: restaurador, detallista, ONG, sense \u00e0nim de lucre, <a href=\"https:\/\/vimeo.com\/164547829\">testimoni<\/a>.<\/p>\n<h2>Trinijove.org<\/h2>\n<p style=\"text-align: left\">Trinijove facilitar\u00e0 l&#8217;emprenedoria de joves en risc d&#8217;exclusi\u00f3 i nous models de negoci, com ara sistemes de compartici\u00f3 i arrendament de productes. Trinijove \u00e9s una fundaci\u00f3 privada amb seu a Catalunya (Espanya) que dirigeix \u200b\u200bels seus esfor\u00e7os a l&#8217;educaci\u00f3 de persones amb dificultats i els ajuda en la tasca de trobar feina.<\/p>\n<div>Nom: Fundaci\u00f3 Trinijove\n<div>Localitat: Barcelona<br>Regi\u00f3: Espanya<br>Codi postal: 08033<\/div>\n<div>Carrer:c\/ Tur\u00f3 de la Trinitat, n\u00ba17<\/div>\n<p>Latitud: 41.449763,Longitud: 2.190068<br>Mapa:<a href=\"https:\/\/goo.gl\/maps\/ByrpfFaR1NUC3Pew5\" target=\"_blank\" rel=\"noopener noreferrer\">Veure mapa<\/a> <\/p>\n<\/div>\n<p>TAGS: reacondicionador, detallista, reciclador, inserci\u00f3 laboral, sense \u00e0nim de lucre, <a href=\"https:\/\/vimeo.com\/171362680\">testimoni<\/a>.<\/p>\n<h2>Andromines.net<\/h2>\n<p style=\"text-align: left\">Andromines \u00e9s una organitzaci\u00f3 sense \u00e0nim de lucre que des de 1993 treballa per una societat m\u00e9s justa i equitativa, denunciant i lluitant contra l&#8217;exclusi\u00f3 social i acollint persones marginades laboralment. El seu projecte &#8216;Recycle PC&#8217; es basa a dur a terme la recuperaci\u00f3 i reciclatge de RAEE (Residus d&#8217;Aparells El\u00e8ctrics i Electr\u00f2nics) L\u00ednia Gris (ordinadors, monitors, impressores i altres accessoris inform\u00e0tics).<\/p>\n<div>Nom: Associaci\u00f3 Andr\u00f2mines\n<div>Localitat: Montcada i Reixac<br>Regi\u00f3: Espanya<br>Codi postal: 08110<\/div>\n<div>Carrer:Pol\u00edgon La Ferreria . C\/Mec\u00e0nica amb C\/Progr\u00e9s, n\u00ba17<\/div>\n<p>Latitud: 41.429431,Longitud: 2.188802<br>Mapa:<a href=\"https:\/\/goo.gl\/maps\/ga2SVSPwTGTVxu3r9\" target=\"_blank\" rel=\"noopener noreferrer\">Veure mapa<\/a> <\/p>\n<\/div>\n<p>TAGS: reformador, comercialitzador, l\u00edsing, inserci\u00f3 laboral, sense \u00e0nim de lucre, <a href=\"https:\/\/vimeo.com\/171361574\">testimonial<\/a>.<\/p>\n<h2>Reciclanet.org<\/h2>\n<p style=\"text-align: left\">Reciclanet \u00e9s una Associaci\u00f3 Educativa, Ecol\u00f2gica i Solid\u00e0ria, formada per voluntaris. Desenvolupem projectes de recuperaci\u00f3 i reutilitzaci\u00f3 d&#8217;equips inform\u00e0tics, i difusi\u00f3 de programari lliure. La nostra filosofia es basa en les persones i parla de compartir, educaci\u00f3 i solidaritat. Treballem des de l&#8217;any 2000, promovent l&#8217;intercanvi i reutilitzaci\u00f3 d&#8217;ordinadors amb codi obert.<\/p>\n<div>Nom: Associaci\u00f3 Educativa Reciclanet\n<div>Localitat: Erandio<br>Regi\u00f3: Espanya<br>Codi Postal: 48950<\/div>\n<div>Carrer:Pol\u00edgon Axpe Industrialdea c\/ Ribera d&#8217;Axpe 11, Pavell\u00f3 D-2, Local 105<\/div>\n<p>Latitud: 43.312229, Longitud: -2.979845<br>Mapa:<a href=\"https:\/\/maps.app.goo.gl\/ZvthxLzJyHGKv5be9\" target=\"_blank\" rel=\"noopener noreferrer\">Veure mapa<\/a>&gt;p&gt;\n<\/div>\n<p>TAGS: reformador, comercialitzador, inserci\u00f3 laboral, organitzaci\u00f3 sense \u00e0nim de lucre.<\/p>\n<h2>elkartenet.eus<\/h2>\n<p style=\"text-align: left\">Elkartenet \u00e9s una associaci\u00f3 educativa sense \u00e0nim de lucre i t\u00e9 com a objectiu principal realitzar projectes de dinamitzaci\u00f3 educativa, associativa i comercial recolzats en eines dissenyades amb Programari Lliure i amb criteris de lluita contra les diferents formes. de la Bretxa Digital i afavorint l&#8217;Economia Circular.<\/p>\n<div>Nom: Elkartenet Hezkuntza Elkartea \u2013 Associaci\u00f3 educativa\n<div>Localitat: Bilbao<br>Regi\u00f3: Espanya<br>Codi postal: 48014<\/div>\n<div>Carrer: Julio Urkijo 1<\/div>\n<p>Latitud: 43.26889, Longitud: &#8211;2.95397<br>Mapa:<a href=\"https:\/\/goo.gl\/maps\/us5juQFkDJPapg2EA\" target=\"_blank\" rel=\"noopener noreferrer\">Veure mapa<\/a><\/p>\n<\/div>\n<p>TAGS: restaurador, minorista, sense \u00e0nim de lucre.<\/p>\n\n<h2>Ieselcalamot.com<\/h2>\n<p style=\"text-align: left\">L&#8217;Institut Calamot \u00e9s un centre p\u00fablic d&#8217;educaci\u00f3 secund\u00e0ria obligat\u00f2ria i postobligat\u00f2ria que imparteix des d&#8217;ESO, educaci\u00f3 secund\u00e0ria fins a grau mitj\u00e0 i superior.<\/p>\n<p>TAGS: escola, sense \u00e0nim de lucre.<\/p>\n<h2>Labdoo.org<\/h2>\n<p>Labdoo \u00e9s una xarxa social humanit\u00e0ria a la qual s&#8217;uneixen persones de tot el m\u00f3n que volen fer del nostre planeta un lloc millor proporcionant als qui viuen en regions subdesenvolupades (tant al m\u00f3n en desenvolupament com al desenvolupat) l&#8217;oportunitat de una millor educaci\u00f3. L&#8217;objectiu de la xarxa social \u00e9s enviar port\u00e0tils, lectors de llibres electr\u00f2nics, tauletes i qualsevol dispositiu que es pugui carregar amb programari educatiu en des\u00fas a escoles necessitades de tot el m\u00f3n mitjan\u00e7ant la col\u00b7laboraci\u00f3 i sense inc\u00f3rrer en cap cost econ\u00f2mic ni mediambiental.<\/p> &gt;\n<p>TAGS: restaurador, minorista, ONG, sense \u00e0nim de lucre.<\/p>\n<h2>Marianao.net<\/h2>\n<p style=\"text-align: left\">Fundaci\u00f3 Marianao \u00e9s una entitat sense \u00e0nim de lucre que des del 1985 desenvolupa projectes socioeducatius al servei de la comunitat, per promoure el desenvolupament personal i comunitari a Sant Boi de Llobregat i Baix Llobregat. La Funaci\u00f3 est\u00e0 interessada a rebre el material no funciona i s&#8217;ha de reparar.<\/p>\n<div>\nNom: Fundaci\u00f3 Marianao<br>\nLocalitat: Sant Boi de Llobregat Barcelona<br>\nRegi\u00f3: Espanya<br>\nCodi postal: 08830 <br>\nCarrer: Pla\u00e7a Joan N. Garc\u00eda-Nieto, s\/n <br>\nTel\u00e8fon: +34 936 303 062 <br>\nLatitud: 41.350818, Longitud: 2.027862 <br>\nMapa:<a href=\"https:\/\/goo.gl\/maps\/rwDanFbAigqfXeUq9\" target=\"_blank\" rel=\"noopener noreferrer\">Veure mapa<\/a>\n<\/div>\n<p>TAGS: restaurador, detallista, aprenentatge-servei, fundaci\u00f3, organitzaci\u00f3 sense \u00e0nim de lucre.<\/p>\n<h2>Engrunes.org<\/h2>\n<p style=\"text-align: left\">Engrunes \u00e9s una empresa privada sense \u00e0nim de lucre que t\u00e9 com a finalitat proporcionar persones en risc d&#8217;exclusi\u00f3 social o excloses, personal de suport, treball remunerat que els permeti reincorporar-se a una vida social activa i treball, utilitzant com a eines el seu treball i esfor\u00e7 personal.<\/p>\n<div>\nNom: Fundaci\u00f3 Engrunes<br>\nLocalitat: Montcada i Reixac (Barcelona)<br>\nRegi\u00f3: Espanya<br>\nCodi Postal: 08110 <br>\nCarrer: Pol. Ind. Coll de Montcada &#8211; Cr. Roca Plana, 14-16 <br>\nTel\u00e8fon: +34 935 829 999 <br>\nLatitud: 41.475683, Longitud: 2.168545 <br>\nMapa:<a href=\"https:\/\/goo.gl\/maps\/XVjFbbzqNUx46gPQA\" target=\"_blank\" rel=\"noopener noreferrer\">Veure mapa<\/a>\n<\/div>\n<p>TAGS: reformador, comercialitzador, inserci\u00f3 laboral, organitzaci\u00f3 sense \u00e0nim de lucre.<\/p>\n<h2>donalo.org<\/h2>\n<p style=\"text-align: left\">Donalo \u00e9s un punt de trobada on empreses i persones donen dispositius i productes digitals a ONG. El projecte, basat en la rendici\u00f3 de comptes de les empreses segons els seus est\u00e0ndards, \u00e9s una reformulaci\u00f3 de la tasca que feia la Fundaci\u00f3 Migrano de Arena des del 2007 i va prendre el nom de &#8216;gesti\u00f3 d&#8217;excedents&#8217;.<\/p>\n<div>\nNom: Fundaci\u00f3 Migranodearena<br>\nLocalitat: Barcelona<br>\nRegi\u00f3: Espanya<br>\nCodi postal: 08017 <br>\nCarrer: Carrer Planella, 12 <br>\nLatitud: 41.405916, Longitud: 2.124864 <br>\nMapa:<a href=\"https:\/\/goo.gl\/maps\/jPKmCQgftfCEHcDk6\" target=\"_blank\" rel=\"noopener noreferrer\">Veure mapa<\/a>\n<\/div>\n<p>ETIQUETES: <a href=\"\">testimoni<\/a>.<\/p>\n<h2>Reutilizak.org<\/h2>\n<p style=\"text-align: left\">Som una associaci\u00f3 sense \u00e0nim de lucre que recolza el desenvolupament integral de les persones en risc i\/o exclusi\u00f3 social del barri de Vallecas a Madrid, des de 1986. Fomentant i promovent la participaci\u00f3 social , especialment dels joves i joves d&#8217;entorns socioculturals desafavorits, intentant evitar la seva marginaci\u00f3 del proc\u00e9s educatiu i social. Impulsar, fer i gestionar projectes d&#8217;integraci\u00f3 sociolaboral de persones en situaci\u00f3 de risc o exclusi\u00f3 social.<\/p>\n<div>\nNom: Associaci\u00f3 lakalle.org<br>\nLocalitat: Madrid<br>\nRegi\u00f3: Espanya<br>\nCodi postal: 28018 <br>\nCarrer: C\/ Javier de Miguel, 92 Local 1 <br>\nTel\u00e8fon: +34 678 405 799 <br>\nLatitud: 40.385411, Longitud: -3.656398 <br>\nMapa:<a>Veure mapa<\/a>\n<\/div>\n<p>TAGS: reformador, detallista, inserci\u00f3 laboral, aprenentatge-servei, sense \u00e0nim de lucre.<\/p>\n<h2>Ongdreamit.org<\/h2>\n<p>DreamIT \u00e9s una ONG que sota el lema &#8220;somnis que canvien el m\u00f3n&#8221;, t\u00e9 com a objectiu intervindre en l&#8217;adhesi\u00f3 de voluntaris i la transfer\u00e8ncia d&#8217;equipament tecnol\u00f2gic (Hw i Sw educatiu) a projectes que tenen com a objectiu donar una oportunitat a els m\u00e9s desafavorits a trav\u00e9s de leducaci\u00f3. La nostra visi\u00f3 \u00e9s un m\u00f3n on l&#8217;educaci\u00f3 estigui disponible per als m\u00e9s desafavorits a trav\u00e9s de la tecnologia. La nostra missi\u00f3 \u00e9s transformar i fer possible l&#8217;educaci\u00f3 mitjan\u00e7ant l&#8217;\u00fas de la tecnologia per empoderar les persones necessitades, centrant-nos \u00fanicament en el canvi social.<\/p>\n<p>TAGS: prove\u00efdor, minorista, ONG, sense \u00e0nim de lucre.<\/p>\n<h2>fundesplai.org<\/h2>\n<p style=\"text-align: left\">FUNDACI\u00d3 ESPLAI t\u00e9 com a missi\u00f3 promoure una ciutadania compromesa a trav\u00e9s de la inclusi\u00f3 social, l&#8217;acci\u00f3 socioeducativa i l&#8217;\u00fas responsable de les TIC, amb especial dedicaci\u00f3 a la inf\u00e0ncia i la joventut, tot aix\u00f2 dins de l&#8217;objectiu global de fomentar el paper del tercer sector a la societat. Treballen a nivell local, nacional i internacional desenvolupant diferents projectes dirigits a diferents grups vulnerables i dissenyant eines metodol\u00f2giques i materials formatius<\/p>\n<div>\nNom: Fundaci\u00f3 Catalana de l&#8217;Esplai<br>\nLocalitat: El Prat de Llobregat <br>\nRegi\u00f3: Espanya<br>\nCodi postal: 08820 <br>\nCarrer: Carrer Riu Anoia, 42-54 <br>\nTel\u00e8fon: +34 93 474 74 74 <br>\nLatitud: 41.315837, Longitud: 2.082381 <br>\nMapa:<a href=\"https:\/\/goo.gl\/maps\/h58gEf15DiZpd4Ms7\" target=\"_blank\" rel=\"noopener noreferrer\">Veure mapa<\/a>\n<\/div>\n<p>TAGS: restaurador, minorista, ONG, sense \u00e0nim de lucre<\/p>\n<p><a><\/a><\/p>\n<h1>Argentina<\/h1>\n<h2>Tau.org.ar<\/h2>\n<p>Nodo Tau \u00e9s una associaci\u00f3 civil radicada a Rosario, Argentina, que des del 1995 promou l&#8217;\u00fas de les TIC en grups vulnerables i organitzacions socials que treballen per la vig\u00e8ncia dels drets socials, civils, econ\u00f2mics i ambientals. Des de la seva experi\u00e8ncia en el reciclatge d&#8217;equips inform\u00e0tics utilitzats per al sector social, s&#8217;ha incorporat al sector RAEE, gestionant la seva pr\u00f2pia planta de reutilitzaci\u00f3, i dedicant-se simult\u00e0niament a la investigaci\u00f3 i difusi\u00f3 del tema, a trav\u00e9s de les seves publicacions a raee.tau. .org.ar.<\/p>\n<p>TAGS: restaurador, minorista, ONG, sense \u00e0nim de lucre<\/p>","protected":false},"excerpt":{"rendered":"<p>Els nostres membres s\u00f3n grups, empreses i organitzacions locals amb l&#8217;objectiu d&#8217;estendre la vida \u00fatil dels productes mitjan\u00e7ant reparaci\u00f3, renovaci\u00f3, venda al detall i, en general, reutilitzaci\u00f3. Solidanca.cat Solidan\u00e7a \u00e9s una organitzaci\u00f3 sense fins de lucre creada el 1997 dedicada a la formaci\u00f3 professional i la inserci\u00f3 laboral de persones en vulnerabilitat social. Per aix\u00f2, &hellip;<\/p>\n","protected":false},"author":2617,"featured_media":1896,"parent":0,"menu_order":0,"comment_status":"closed","ping_status":"closed","template":"","meta":{"footnotes":""},"class_list":["post-932","page","type-page","status-publish","has-post-thumbnail","hentry"],"jetpack_sharing_enabled":true,"_links":{"self":[{"href":"https:\/\/ereuse.org\/ca\/wp-json\/wp\/v2\/pages\/932","targetHints":{"allow":["GET"]}}],"collection":[{"href":"https:\/\/ereuse.org\/ca\/wp-json\/wp\/v2\/pages"}],"about":[{"href":"https:\/\/ereuse.org\/ca\/wp-json\/wp\/v2\/types\/page"}],"author":[{"embeddable":true,"href":"https:\/\/ereuse.org\/ca\/wp-json\/wp\/v2\/users\/2617"}],"replies":[{"embeddable":true,"href":"https:\/\/ereuse.org\/ca\/wp-json\/wp\/v2\/comments?post=932"}],"version-history":[{"count":218,"href":"https:\/\/ereuse.org\/ca\/wp-json\/wp\/v2\/pages\/932\/revisions"}],"predecessor-version":[{"id":2832,"href":"https:\/\/ereuse.org\/ca\/wp-json\/wp\/v2\/pages\/932\/revisions\/2832"}],"wp:featuredmedia":[{"embeddable":true,"href":"https:\/\/ereuse.org\/ca\/wp-json\/wp\/v2\/media\/1896"}],"wp:attachment":[{"href":"https:\/\/ereuse.org\/ca\/wp-json\/wp\/v2\/media?parent=932"}],"curies":[{"name":"wp","href":"https:\/\/api.w.org\/{rel}","templated":true}]}}