{"id":491,"date":"2015-10-20T13:57:43","date_gmt":"2015-10-20T13:57:43","guid":{"rendered":"http:\/\/xsr.blog.pangea.org\/?page_id=491"},"modified":"2026-01-07T15:51:12","modified_gmt":"2026-01-07T14:51:12","slug":"publications","status":"publish","type":"page","link":"https:\/\/ereuse.org\/ca\/publications\/","title":{"rendered":"Publications"},"content":{"rendered":"Our publications are <a href=\"#academic\">academic papers<\/a>,<a href=\"#projects\"> projects<\/a>, <a href=\"#case\"> case studies<\/a>,<a href=\"#guides\"> guides <\/a>,<a href=\"#surveys\"> surveys<\/a> &#8230;\n<h1><strong>Academic Papers<\/strong><\/h1>\n<a name=\"academic\"><\/a>\n<h2><strong>2021<\/strong><\/h2>\n[su_icon_text icon=&#8221;icon: file-text&#8221; icon_color=&#8221;#59A373&#8243; icon_size=&#8221;32&#8243;]\nPaper <a class=\"biblio-local-author\" href=\"https:\/\/dsg.ac.upc.edu\/biblio?render=overlay&amp;f%5Bauthor%5D=682\" rel=\"nofollow\">L. Navarro<\/a>, <a class=\"biblio-local-author\" href=\"https:\/\/dsg.ac.upc.edu\/biblio?render=overlay&amp;f%5Bauthor%5D=674\" rel=\"nofollow\">Roura, M.<\/a>, <a href=\"https:\/\/dsg.ac.upc.edu\/biblio?render=overlay&amp;f%5Bauthor%5D=597\" rel=\"nofollow\">Franquesa, D.<\/a>, and <a class=\"biblio-local-author\" href=\"https:\/\/dsg.ac.upc.edu\/biblio?render=overlay&amp;f%5Bauthor%5D=681\" rel=\"nofollow\">Meseguer, R.<\/a>, <a href=\"https:\/\/dsg.ac.upc.edu\/node\/928\">\u201c<span class=\"biblio-title\">eReuse poster: the circular economy of digital devices<\/span>\u201d<\/a>, in Proceedings of the 2021 ACM SIGCAS Conference on Computing and Sustainable Societies, New York, NY, USA, 2021.\n[\/su_icon_text]\n\n[su_icon_text icon=&#8221;icon: file-text&#8221; icon_color=&#8221;#59A373&#8243; icon_size=&#8221;32&#8243;]\nPaper <a class=\"biblio-local-author\" href=\"https:\/\/dsg.ac.upc.edu\/biblio?render=overlay&amp;f%5Bauthor%5D=674\" rel=\"nofollow\">M. Roura<\/a>, <a class=\"biblio-local-author\" href=\"https:\/\/dsg.ac.upc.edu\/biblio?render=overlay&amp;f%5Bauthor%5D=413\" rel=\"nofollow\">Franquesa, D.<\/a>, <a class=\"biblio-local-author\" href=\"https:\/\/dsg.ac.upc.edu\/biblio?render=overlay&amp;f%5Bauthor%5D=682\" rel=\"nofollow\">Navarro, L.<\/a>, and <a class=\"biblio-local-author\" href=\"https:\/\/dsg.ac.upc.edu\/biblio?render=overlay&amp;f%5Bauthor%5D=681\" rel=\"nofollow\">Meseguer, R.<\/a>, <a href=\"https:\/\/dsg.ac.upc.edu\/node\/925\">\u201c<span class=\"biblio-title\">Circular digital devices: lessons about the social and planetary boundaries<\/span>\u201d<\/a>, in Workshop on Computing within Limits, New York, 2021.\n[\/su_icon_text]\n<h2><strong>2020<\/strong><\/h2>\n[su_icon_text icon=&#8221;icon: file-text&#8221; icon_color=&#8221;#59A373&#8243; icon_size=&#8221;32&#8243;]\nDataset: Devices until june 2019. A public dataset about reuse life-cycle data of devices. Under the eReuse device data commons license (CC BY). July 2020. (<a href=\"https:\/\/dsg.ac.upc.edu\/ereuse-dataset\">webpage<\/a>).\n[\/su_icon_text]\n<h2><strong>2019<\/strong><\/h2>\n[su_icon_text icon=&#8221;icon: file-text&#8221; icon_color=&#8221;#59A373&#8243; icon_size=&#8221;32&#8243;]\nPaper &#8220;Circular consumption and production of electronic devices: an approach to measuring, durability, upgradeability, reusability, obsolescence and premature recycling&#8221; , In Proceedings of 19th European Roundtable for Sustainable Consumption and Production (ERSCP 2019). October 2019. (<a href=\"erscp2019.eu\"> Conference <\/a> | <a href=\"https:\/\/dsg.ac.upc.edu\/node\/879\">paper<\/a>).\n[\/su_icon_text]\n<h2><strong>2018<\/strong><\/h2>\n[su_icon_text icon=&#8221;icon: file-text&#8221; icon_color=&#8221;#59A373&#8243; icon_size=&#8221;32&#8243;]\nPaper &#8220;Devices as a Commons: limits to premature recycling&#8221;, In Proceedings of Fourth Workshop on Computing within Limits (Limits\u201918). June 2018, ACM, New York, NY, USA, Article 4, 10 pages. (<a href=\"http:\/\/computingwithinlimits.org\/2018\"> Conference <\/a> | <a href=\"http:\/\/computingwithinlimits.org\/2018\/papers\/limits18-franquesa.pdf\">paper<\/a>).\n[\/su_icon_text]\n<h2><strong>2017<\/strong><\/h2>\n[su_icon_text icon=&#8221;icon: file-text&#8221; icon_color=&#8221;#59A373&#8243; icon_size=&#8221;32&#8243;]\nPaper &#8220;Sustainability and participation in the digital commons&#8221;. Interactions, Volume 24 Issue 3, June 2017, Pages 66-69. https:\/\/doi.org\/10.1145\/3058139. (<a href=\"http:\/\/people.ac.upc.edu\/leandro\/pubs\/p66-franquesa.pdf\">paper<\/a>).\n[\/su_icon_text]\n<h2><strong>2016<\/strong><\/h2>\n[su_icon_text icon=&#8221;icon: file-text&#8221; icon_color=&#8221;#59A373&#8243; icon_size=&#8221;32&#8243;]\nPaper &#8220;A Circular Commons for Digital Devices&#8221;, Second Workshop on Computing within Limits, June 9-10, 2016, Irvine, CA, USA. <a href=\"http:\/\/computingwithinlimits.org\/2016\"> (Conference <\/a> | <a href=\"http:\/\/dl.acm.org\/citation.cfm?id=2926684\">paper<\/a>|<a href=\"https:\/\/youtu.be\/tQYE5SoPwAA\">video<\/a>).\n[\/su_icon_text]\n\n[su_icon_text icon=&#8221;icon: file-text&#8221; icon_color=&#8221;#59A373&#8243; icon_size=&#8221;32&#8243;]\nBachelor&#8217;s Final Project &#8220;The Architecture of eReuse.org and the Development of DeviceHub, Universitat Polit\u00e8cnica de Catalunya, Barcelona, May 2016. (<a href=\"http:\/\/upcommons.upc.edu\/handle\/2117\/88022\">PDF<\/a>)\n[\/su_icon_text]\n\n[su_icon_text icon=&#8221;icon: file-text&#8221; icon_color=&#8221;#59A373&#8243; icon_size=&#8221;32&#8243;]\nPaper publication (March 2016). Publication at newsletter, &#8220;Informatil F\u00fcr Umweltschutz, Nachaltige Ebtwicklung und risikomanagement&#8221;, Fachausschuss UmweltInformatik, March 2016, 1000 reads (<a href=\"http:\/\/www.enviroinfo.eu\/de\/system\/files\/newsletter\/Rundbrief58_1.pdf\"> pdf<\/a>)\n[\/su_icon_text]\n<h2><strong>2015<\/strong><\/h2>\n[su_icon_text icon=&#8221;icon: file-text&#8221; icon_color=&#8221;#59A373&#8243; icon_size=&#8221;32&#8243;]\nPaper &#8220;Breaking Barriers on Reuse of Digital Devices Ensuring Final Recycling&#8221;. EnviroInfo Conference 2015. Copenhagen, September 9-11 2015. This work received the <b>&#8220;Best Paper Award&#8221;<\/b>. (<a href=\"https:\/\/upcommons.upc.edu\/bitstream\/handle\/2117\/83783\/envinfo2015ereuse.pdf\">PDF<\/a>).\n[\/su_icon_text]\n\n[su_icon_text icon=&#8221;icon: file-text&#8221; icon_color=&#8221;#59A373&#8243; icon_size=&#8221;32&#8243;]\nPoster &#8220;eReuse.org: an ecosystem for traceable reuse of digital devices in a circular economy&#8221;. ICT4D &amp; EnviroInfo Conference 2015. Copenhagen, September 9-11 2015. (<a href=\"https:\/\/ereuse.org\/files\/2015\/09\/2015-09-03-Poster-eReuseorg-ICT4D-V3.jpg\">JPG<\/a>).\n[\/su_icon_text]\n<h1><strong>Projects<\/strong><\/h1>\n<a name=\"projects\"><\/a>\n\n<a href=\"https:\/\/www.trublo.eu\/trust-and-reputation\/\" data-extlink=\"\">[su_icon_text icon=&#8221;icon: file-text&#8221; icon_color=&#8221;#59A373&#8243; icon_size=&#8221;32&#8243;] NGI Trublo<\/a>&nbsp;(UPC): Distributed trust and reputation in the circular economy. (7\/2021-3\/2022)\n[\/su_icon_text]<a href=\"https:\/\/ngiatlantic.eu\/\" data-extlink=\"\">[su_icon_text icon=&#8221;icon: file-text&#8221; icon_color=&#8221;#59A373&#8243; icon_size=&#8221;32&#8243;] NGI Atlantic<\/a> blockchain testbed (UPC): Decentralized data ecosystem for the Open Blockchain for Asset Disposition Alliance. (2-8\/2021)\n\n[\/su_icon_text]<a href=\"https:\/\/ngiatlantic.eu\/\" data-extlink=\"\">[su_icon_text icon=&#8221;icon: file-text&#8221; icon_color=&#8221;#59A373&#8243; icon_size=&#8221;32&#8243;]<\/a> <a href=\"https:\/\/research.ngi.eu\/the-ngi-policy-in-practice-fund-announcing-the-grantees\/\" data-extlink=\"\">NGI Policy-in-Practice<\/a> (Pangea.org) and some details <a href=\"https:\/\/research.ngi.eu\/policy-in-practice-fund-reducing-the-digital-divide-by-improving-the-circular-economy-for-devices\/\" data-extlink=\"\">in a blog post<\/a> (10\/2020-6\/2021).[\/su_icon_text]<a href=\"https:\/\/ngiatlantic.eu\/\" data-extlink=\"\">[su_icon_text icon=&#8221;icon: file-text&#8221; icon_color=&#8221;#59A373&#8243; icon_size=&#8221;32&#8243;]<\/a>\n\n<a href=\"https:\/\/www.dlt4.eu\/\" data-extlink=\"\">DLT4EU<\/a> (6\/2020-1\/2021), an <a href=\"https:\/\/www.dlt4.eu\/news-stories\/interview-circular-consumption-sant-boi\" data-extlink=\"\">interview of the Sant Boi case<\/a>, <a href=\"https:\/\/people.ac.upc.edu\/leandro\/p\/DLT4EU-eReuse-final.pdf\">final summary report<\/a>. Awards: <a href=\"https:\/\/www.dlt4.eu\/news-stories\/dlt4eu-awarded-teams\" data-extlink=\"\">top 3 solutions<\/a>, <a href=\"https:\/\/www.hanssauerstiftung.de\/preis\/hans-sauer-award-2021\/\" data-extlink=\"\">Circular Cities award<\/a> of the Hans Sauer Foundation.[\/su_icon_text]<a href=\"https:\/\/ngiatlantic.eu\/\" data-extlink=\"\">[su_icon_text icon=&#8221;icon: file-text&#8221; icon_color=&#8221;#59A373&#8243; icon_size=&#8221;32&#8243;]<\/a>\n\n<a href=\"https:\/\/ledgerproject.eu\/\" data-extlink=\"\">Ledger<\/a> (joint UPC, Pangea.org , Usody.com) (2019)[\/su_icon_text]<a href=\"https:\/\/ngiatlantic.eu\/\" data-extlink=\"\">[su_icon_text icon=&#8221;icon: file-text&#8221; icon_color=&#8221;#59A373&#8243; icon_size=&#8221;32&#8243;]<\/a>\n\n<a href=\"https:\/\/www.apc.org\/en\/apc-member-grants\" data-extlink=\"\">APC member grant<\/a> about <a href=\"https:\/\/www.apc.org\/en\/research-and-campaign-grants-2018#22\" data-extlink=\"\">municipal computer reuse<\/a> (2018)[\/su_icon_text]<a href=\"https:\/\/ngiatlantic.eu\/\" data-extlink=\"\">[su_icon_text icon=&#8221;icon: file-text&#8221; icon_color=&#8221;#59A373&#8243; icon_size=&#8221;32&#8243;]<\/a>\n\n<a href=\"https:\/\/cooperativa.abacus.coop\/ca\/comunitats\/comunitat-educativa\/avantages-educativa\/e-reuse\/\" data-extlink=\"\">Abacus<\/a>&nbsp;(2018)[\/su_icon_text]<a href=\"https:\/\/ngiatlantic.eu\/\" data-extlink=\"\">[su_icon_text icon=&#8221;icon: file-text&#8221; icon_color=&#8221;#59A373&#8243; icon_size=&#8221;32&#8243;]<\/a>\n\n<a href=\"https:\/\/www.tagitsmart.eu\/\" data-extlink=\"\">TagItSmart<\/a>, <a href=\"https:\/\/www.tagitsmart.eu\/OC2%20deliverable.html\" data-extlink=\"\">our deliverables<\/a> and our <a href=\"https:\/\/www.tagitsmart.eu\/eReuse\/D1.2.pdf\" data-extlink=\"\">final report<\/a> as a summary. (2017)[\/su_icon_text]<a href=\"https:\/\/ngiatlantic.eu\/\" data-extlink=\"\">[su_icon_text icon=&#8221;icon: file-text&#8221; icon_color=&#8221;#59A373&#8243; icon_size=&#8221;32&#8243;]<\/a>\n\n<a href=\"https:\/\/www.chest-project.eu\/call-2-winning-projects\/\" data-extlink=\"\">Chest<\/a>. (2014-15)[\/su_icon_text]\n\n[su_icon_text icon=&#8221;icon: file-text&#8221; icon_color=&#8221;#59A373&#8243; icon_size=&#8221;32&#8243;]\nFinal report deliverable. Ereuse.org &#8211; Circular economy for electronics reuse, EU Project tagitsmart.eu &#8211; Smart Tags driven service platform for enabling ecosystems of connected objects, January 2019. (<a href=\"https:\/\/www.tagitsmart.eu\/eReuse\/D1.2.pdf\">pdf<\/a>).\n[\/su_icon_text]\n<h1><strong>Case Studies<\/strong><\/h1>\n<a name=\"case\"><\/a>\n<h2><strong>2019<\/strong><\/h2>\n[su_icon_text icon=&#8221;icon: file-text&#8221; icon_color=&#8221;#59A373&#8243; icon_size=&#8221;32&#8243;]\n&#8220;Las buenas pr\u00e1cticas del mes EREUSE. BARCELONA&#8221;, Buenas pr\u00e1cticas de econom\u00eda social, economia circular en red, Oficina de economia social, marzo 2019, madrid.es (<a href=\"https:\/\/nextcloud.pangea.org\/index.php\/s\/CEWpWm8t7J2Zz24\">PDF<\/a>).\n[\/su_icon_text]\n\n[su_icon_text icon=&#8221;icon: file-text&#8221; icon_color=&#8221;#59A373&#8243; icon_size=&#8221;32&#8243;]\n&#8220;How to extend the electronic devices lifespan and reduce E waste at the city level learning from the Barcelona experience&#8221;, Zero Waste Europe, 5 February (<a href=\"https:\/\/zerowastecities.eu\/masterplan-events\/5-february-2019-2pm-reduce-e-waste-at-city-level\/\">Webinar web<\/a>, <a href=\"https:\/\/zerowasteeurope.eu\/downloads\/case-study-3-the-story-of-ereuse\/\"> Case study <\/a>, <a href=\"https:\/\/nextcloud.pangea.org\/index.php\/s\/S2njn24gNZ6MG24\">Ereuse slides<\/a>, <a href=\"https:\/\/nextcloud.pangea.org\/index.php\/s\/DoEbLpXFJrDmpoz\"> City Council Slides<\/a>, <a href=\"https:\/\/nextcloud.pangea.org\/index.php\/s\/N6jM9GAXE35HmxZ\"> Donalo.org Slides<\/a>)\n[\/su_icon_text]\n<h1><strong>Guides<\/strong><\/h1>\n<a name=\"guides\"><\/a>\n<h2><strong>2021<\/strong><\/h2>\n[su_icon_text icon=&#8221;icon: file-text&#8221; icon_color=&#8221;#59A373&#8243; icon_size=&#8221;32&#8243;] <a href=\"https:\/\/www.apc.org\/en\/node\/37625\/\">&#8220;A guide to the circular economy of digital devices&#8221;<\/a>\n<a href=\"https:\/\/www.apc.org\/es\/node\/37626\/\">&#8220;Una gu\u00eda sobre la econom\u00eda circular de los dispositivos digitales&#8221;<\/a>, <a href=\"https:\/\/www.apc.org\/fr\/node\/37627\/\">&#8220;Guide de l\u2019\u00e9conomie circulaire de nos appareils num\u00e9riques&#8221;<\/a>, ereuse.org, October, 2021.\n[\/su_icon_text]\n<h2><strong>2019<\/strong><\/h2>\n[su_icon_text icon=&#8221;icon: file-text&#8221; icon_color=&#8221;#59A373&#8243; icon_size=&#8221;32&#8243;]\n&#8220;Introducci\u00f3 a les plataformes de reutilitzaci\u00f3 i tra\u00e7abilitat de l&#8217;electr\u00f2nica&#8221;, ereuse.org, October, 2019. (<a href=\"https:\/\/nextcloud.pangea.org\/index.php\/s\/GuiaPlataformesEreuse\">pdf<\/a>).\n[\/su_icon_text]\n<h1><strong>Surveys<\/strong><\/h1>\n<a name=\"surveys\"><\/a>\n<h2><strong>2019<\/strong><\/h2>\n[su_icon_text icon=&#8221;icon: file-text&#8221; icon_color=&#8221;#59A373&#8243; icon_size=&#8221;32&#8243;]\n&#8220;Barriers to reuse electronics coming from the public sector&#8221;, ereuse.org, February, 2019. (<a href=\"https:\/\/nextcloud.pangea.org\/index.php\/s\/DiqNfBMsnADXJW3\">pdf<\/a>).\n[\/su_icon_text]","protected":false},"excerpt":{"rendered":"<p>Our publications are academic papers, projects, case studies, guides , surveys &#8230; Academic Papers 2021 [su_icon_text icon=&#8221;icon: file-text&#8221; icon_color=&#8221;#59A373&#8243; icon_size=&#8221;32&#8243;] Paper L. Navarro, Roura, M., Franquesa, D., and Meseguer, R., \u201ceReuse poster: the circular economy of digital devices\u201d, in Proceedings of the 2021 ACM SIGCAS Conference on Computing and Sustainable Societies, New York, NY, USA, &hellip;<\/p>\n","protected":false},"author":2618,"featured_media":1896,"parent":0,"menu_order":0,"comment_status":"closed","ping_status":"open","template":"","meta":{"footnotes":""},"class_list":["post-491","page","type-page","status-publish","has-post-thumbnail","hentry"],"jetpack_sharing_enabled":true,"_links":{"self":[{"href":"https:\/\/ereuse.org\/ca\/wp-json\/wp\/v2\/pages\/491","targetHints":{"allow":["GET"]}}],"collection":[{"href":"https:\/\/ereuse.org\/ca\/wp-json\/wp\/v2\/pages"}],"about":[{"href":"https:\/\/ereuse.org\/ca\/wp-json\/wp\/v2\/types\/page"}],"author":[{"embeddable":true,"href":"https:\/\/ereuse.org\/ca\/wp-json\/wp\/v2\/users\/2618"}],"replies":[{"embeddable":true,"href":"https:\/\/ereuse.org\/ca\/wp-json\/wp\/v2\/comments?post=491"}],"version-history":[{"count":131,"href":"https:\/\/ereuse.org\/ca\/wp-json\/wp\/v2\/pages\/491\/revisions"}],"predecessor-version":[{"id":2849,"href":"https:\/\/ereuse.org\/ca\/wp-json\/wp\/v2\/pages\/491\/revisions\/2849"}],"wp:featuredmedia":[{"embeddable":true,"href":"https:\/\/ereuse.org\/ca\/wp-json\/wp\/v2\/media\/1896"}],"wp:attachment":[{"href":"https:\/\/ereuse.org\/ca\/wp-json\/wp\/v2\/media?parent=491"}],"curies":[{"name":"wp","href":"https:\/\/api.w.org\/{rel}","templated":true}]}}