{"id":2057,"date":"2018-10-28T22:29:22","date_gmt":"2018-10-28T21:29:22","guid":{"rendered":"https:\/\/www.ereuse.org\/?page_id=2057"},"modified":"2026-01-08T17:21:42","modified_gmt":"2026-01-08T16:21:42","slug":"demo","status":"publish","type":"page","link":"https:\/\/ereuse.org\/ca\/demo\/","title":{"rendered":"Demo"},"content":{"rendered":"Iniciada al 2015 i durant aproximadament una d\u00e8cada, la iniciativa eReuse.org promou bones pr\u00e0ctiques per a la desinfecci\u00f3 de dades i la tra\u00e7abilitat de l&#8217;economia circular de dispositius digitals, treballant amb organitzacions de tot el m\u00f3n.\r\n\r\nPer implementar aquestes millors pr\u00e0ctiques i est\u00e0ndards, eReuse.org ofereix una pila de codi obert per a ITAD, recondicionadors i recicladors. M\u00e9s detalls als repositoris de <a href=\"https:\/\/www.ereuse.org\/software\/\">programari<\/a>.\r\n\r\nSi vols provar el programari, pots executar el teu propi servei basat en Docker, unir-se a Pangea.org per allotjar i executar una inst\u00e0ncia pr\u00f2pia, o contactar amb l&#8217;empresa emergent Usody.com que ofereix un programari com a servei similar.","protected":false},"excerpt":{"rendered":"<p>Iniciada al 2015 i durant aproximadament una d\u00e8cada, la iniciativa eReuse.org promou bones pr\u00e0ctiques per a la desinfecci\u00f3 de dades i la tra\u00e7abilitat de l&#8217;economia circular de dispositius digitals, treballant amb organitzacions de tot el m\u00f3n. Per implementar aquestes millors pr\u00e0ctiques i est\u00e0ndards, eReuse.org ofereix una pila de codi obert per a ITAD, recondicionadors i &hellip;<\/p>\n","protected":false},"author":2617,"featured_media":0,"parent":0,"menu_order":0,"comment_status":"closed","ping_status":"closed","template":"","meta":{"footnotes":""},"class_list":["post-2057","page","type-page","status-publish","hentry"],"jetpack_sharing_enabled":true,"_links":{"self":[{"href":"https:\/\/ereuse.org\/ca\/wp-json\/wp\/v2\/pages\/2057","targetHints":{"allow":["GET"]}}],"collection":[{"href":"https:\/\/ereuse.org\/ca\/wp-json\/wp\/v2\/pages"}],"about":[{"href":"https:\/\/ereuse.org\/ca\/wp-json\/wp\/v2\/types\/page"}],"author":[{"embeddable":true,"href":"https:\/\/ereuse.org\/ca\/wp-json\/wp\/v2\/users\/2617"}],"replies":[{"embeddable":true,"href":"https:\/\/ereuse.org\/ca\/wp-json\/wp\/v2\/comments?post=2057"}],"version-history":[{"count":38,"href":"https:\/\/ereuse.org\/ca\/wp-json\/wp\/v2\/pages\/2057\/revisions"}],"predecessor-version":[{"id":2872,"href":"https:\/\/ereuse.org\/ca\/wp-json\/wp\/v2\/pages\/2057\/revisions\/2872"}],"wp:attachment":[{"href":"https:\/\/ereuse.org\/ca\/wp-json\/wp\/v2\/media?parent=2057"}],"curies":[{"name":"wp","href":"https:\/\/api.w.org\/{rel}","templated":true}]}}