{"id":2000,"date":"2018-10-16T08:42:08","date_gmt":"2018-10-16T07:42:08","guid":{"rendered":"https:\/\/www.ereuse.org\/?page_id=2000"},"modified":"2024-07-22T20:06:42","modified_gmt":"2024-07-22T19:06:42","slug":"our-activity","status":"publish","type":"page","link":"https:\/\/ereuse.org\/ca\/our-activity\/","title":{"rendered":"Our Activity"},"content":{"rendered":"<h2>Accelerar ecosistemes d&#8217;economia circular<\/h2>\r\n<p>Persones i organitzacions milloren i intercanvien dispositius electr\u00f2nics en un ecosistema d&#8217;economia circular i col\u00b7laborativa per evitar el reciclatge prematur. La coalici\u00f3 de membres i socis d&#8217;eReuse intercanvia coneixements, construeix connexions i reuneix habilitats i capacitaci\u00f3 per ajudar a sostenir i fer cr\u00e9ixer ecosistemes federats que optimitzen el recondicionament, garanteixen la qualitat dels productes electr\u00f2nics de segona m\u00e0 i coordinen cadenes de subministrament inverses per incentivar la reutilitzaci\u00f3. En \u00faltima inst\u00e0ncia, els dispositius es reciclen i se n&#8217;avalua l&#8217;impacte.<\/p>\r\n<p>Coordinem i promovem la creaci\u00f3 de circuits locals de reutilitzaci\u00f3, on diverses entitats cooperen entre si sota diferents rols per capturar, reacondicionar i redistribuir dispositius amb certificat de qualitat a ciutadans afectats per la desigualtat digital, entre altres aspectes relacionats.<\/p>\r\n<h2>Acreditar la circularitat dels membres i ecosistemes federats<\/h2>\r\n<p>El consum circular es basa a utilitzar els recursos al m\u00e0xim possible, procurant que finalment es reciclin, per\u00f2 mai abans o de forma prematura, nom\u00e9s quan ning\u00fa m\u00e9s els pugui utilitzar o reutilitzar. Les empreses que rebutgen dispositius digitals escullen membres amb un rendiment responsable en mat\u00e8ria de reutilitzaci\u00f3 i reciclatge. El desafiament \u00e9s proporcionar recursos perqu\u00e8 els consumidors, els membres i les plataformes federades puguin autoavaluar, autocertificar i compartir aquestes dades com a informaci\u00f3 comuna per a la circularitat.<\/p>\r\n<p>eReuse pot acreditar entitats d&#8217;economia circular que rastregen dispositius al llarg de la vida \u00fatil i proporcionar pautes per a l&#8217;avaluaci\u00f3 de l&#8217;impacte de sostenibilitat generat. Junts volem assolir i mesurar els tres impactes d&#8217;una economia circular: econ\u00f2mic, ambiental i social, avan\u00e7ant cap als objectius dels ODS 16, 13, 12, 15, 4 i 10.<\/p>\r\n<h2>Coordinar el full de ruta de recursos de codi obert per a la digitalitzaci\u00f3 de la gesti\u00f3 de l&#8217;electr\u00f2nica circular<\/h2>\r\n<p>Els nostres membres i socis desenvolupen i comparteixen recursos de codi obert, com ara eines de recondicionament, gesti\u00f3 d&#8217;inventari, sistemes de tra\u00e7abilitat de passaports de productes, mecanismes d&#8217;autoacreditaci\u00f3 per a est\u00e0ndards de qualitat i circularitat, bones pr\u00e0ctiques i estudis de casos. Junts constru\u00efm una nova mentalitat i tecnologia de codi obert per fer que la ind\u00fastria de la tecnologia de reutilitzaci\u00f3 i reciclatge sigui m\u00e9s duradora, reutilitzable, reparable i responsable de l&#8217;impacte. El desafiament en aquesta activitat \u00e9s prioritzar quins recursos s\u00f3n clau per a la comunitat i garantir que siguin de codi obert i estiguin basats en est\u00e0ndards oberts.<\/p>","protected":false},"excerpt":{"rendered":"<p>Accelerar ecosistemes d&#8217;economia circular Persones i organitzacions milloren i intercanvien dispositius electr\u00f2nics en un ecosistema d&#8217;economia circular i col\u00b7laborativa per evitar el reciclatge prematur. La coalici\u00f3 de membres i socis d&#8217;eReuse intercanvia coneixements, construeix connexions i reuneix habilitats i capacitaci\u00f3 per ajudar a sostenir i fer cr\u00e9ixer ecosistemes federats que optimitzen el recondicionament, garanteixen la &hellip;<\/p>\n","protected":false},"author":2617,"featured_media":1896,"parent":0,"menu_order":0,"comment_status":"closed","ping_status":"closed","template":"","meta":{"footnotes":""},"class_list":["post-2000","page","type-page","status-publish","has-post-thumbnail","hentry"],"jetpack_sharing_enabled":true,"_links":{"self":[{"href":"https:\/\/ereuse.org\/ca\/wp-json\/wp\/v2\/pages\/2000","targetHints":{"allow":["GET"]}}],"collection":[{"href":"https:\/\/ereuse.org\/ca\/wp-json\/wp\/v2\/pages"}],"about":[{"href":"https:\/\/ereuse.org\/ca\/wp-json\/wp\/v2\/types\/page"}],"author":[{"embeddable":true,"href":"https:\/\/ereuse.org\/ca\/wp-json\/wp\/v2\/users\/2617"}],"replies":[{"embeddable":true,"href":"https:\/\/ereuse.org\/ca\/wp-json\/wp\/v2\/comments?post=2000"}],"version-history":[{"count":24,"href":"https:\/\/ereuse.org\/ca\/wp-json\/wp\/v2\/pages\/2000\/revisions"}],"predecessor-version":[{"id":2716,"href":"https:\/\/ereuse.org\/ca\/wp-json\/wp\/v2\/pages\/2000\/revisions\/2716"}],"wp:featuredmedia":[{"embeddable":true,"href":"https:\/\/ereuse.org\/ca\/wp-json\/wp\/v2\/media\/1896"}],"wp:attachment":[{"href":"https:\/\/ereuse.org\/ca\/wp-json\/wp\/v2\/media?parent=2000"}],"curies":[{"name":"wp","href":"https:\/\/api.w.org\/{rel}","templated":true}]}}