{"id":1998,"date":"2018-10-16T08:41:37","date_gmt":"2018-10-16T07:41:37","guid":{"rendered":"https:\/\/www.ereuse.org\/?page_id=1998"},"modified":"2024-07-22T20:02:17","modified_gmt":"2024-07-22T19:02:17","slug":"mission","status":"publish","type":"page","link":"https:\/\/ereuse.org\/ca\/mission\/","title":{"rendered":"Mission"},"content":{"rendered":"<h2>El repte<\/h2>\n<p>La majoria de dispositius TIC d&#8217;empreses i administracions p\u00fabliques es descarten quan es consideren amortitzats per manteniment. Tot i que encara tenen un valor d&#8217;\u00fas i s\u00f3n aptes per a la reutilitzaci\u00f3, es descarten (reciclen) o s&#8217;exporten il\u00b7legalment a altres pa\u00efsos mitjan\u00e7ant circuits informals de reutilitzaci\u00f3.<\/p>\n<p>S&#8217;entenen b\u00e9 els aspectes positius de la reutilitzaci\u00f3; La reutilitzaci\u00f3 contribueix de manera efectiva a desenvolupar una economia circular, refor\u00e7a la creaci\u00f3 d&#8217;ocupaci\u00f3 local, evita la generaci\u00f3 de residus i redueix la bretxa digital. Tanmateix, per qu\u00e8 \u00e9s una pr\u00e0ctica tan minorit\u00e0ria? Quan les empreses, els governs o els particulars necessiten desfer-se dels seus ordinadors i dispositius digitals per tenir una nova vida (reutilitzaci\u00f3), no saben cap a on dirigir-se. Aix\u00f2 fa que la majoria dels equips el\u00e8ctrics i electr\u00f2nics (EEE) es reciclin tot i que hi ha una demanda expl\u00edcita de reutilitzaci\u00f3. Les autoritats p\u00fabliques i les empreses estan disposades a promoure els aspectes positius de la reutilitzaci\u00f3, per\u00f2 sense una soluci\u00f3 de tra\u00e7abilitat i un comprom\u00eds dels consumidors amb els productes reutilitzats, \u00e9s incert si els dispositius digitals reutilitzats poden acabar exportant-se il\u00b7legalment i potencialment contaminant el medi ambient. Aquest risc i lliscament s\u00f3n els principals inconvenients en la promoci\u00f3 i la pr\u00e0ctica de la reutilitzaci\u00f3 en organitzacions p\u00fabliques i privades. Avui dia, la majoria de ciutats no tenen un ecosistema capa\u00e7 d&#8217;evitar el reciclatge prematur de l&#8217;electr\u00f2nica.<\/p>\n<h2>La nostra missi\u00f3<\/h2>\n<p>La missi\u00f3 d&#8217;eReuse.org \u00e9s la transici\u00f3 cap a un consum col\u00b7laboratiu i circular d&#8217;electr\u00f2nica. Motivem i impulsem l&#8217;aparici\u00f3 de comunitats auton\u00f2miques locals obertes per reutilitzar l&#8217;electr\u00f2nica que garanteixin el reciclatge final i l&#8217;avaluaci\u00f3 verificable de l&#8217;impacte de la reutilitzaci\u00f3. Cooperem per ajudar a mantenir i fer cr\u00e9ixer ecosistemes que augmenten la reutilitzaci\u00f3 i el reciclatge, i junts, constru\u00efm una nova mentalitat i una tecnologia de codi obert per fer que la ind\u00fastria de la tecnologia de reutilitzaci\u00f3\/reciclatge sigui m\u00e9s duradora, reutilitzable, reparable i responsable d&#8217;impacte. La coalici\u00f3 de membres i col\u00b7laboradors reuneix les habilitats, la formaci\u00f3 i les tecnologies obertes necess\u00e0ries per ajudar a mantenir i fer cr\u00e9ixer plataformes federades i aut\u00f2nomes que optimitzen la renovaci\u00f3, garanteixen la qualitat dels productes electr\u00f2nics de segona m\u00e0 i aporten la gesti\u00f3 a la cadena de subministrament inversa per incentivar els dispositius reutilitzats. finalment es reciclen i tenen un impacte responsable. Per a aix\u00f2, desenvolupem eines de programari de codi obert per a la digitalitzaci\u00f3 de la gesti\u00f3 circular de dispositius TIC.","protected":false},"excerpt":{"rendered":"<p>El repte La majoria de dispositius TIC d&#8217;empreses i administracions p\u00fabliques es descarten quan es consideren amortitzats per manteniment. Tot i que encara tenen un valor d&#8217;\u00fas i s\u00f3n aptes per a la reutilitzaci\u00f3, es descarten (reciclen) o s&#8217;exporten il\u00b7legalment a altres pa\u00efsos mitjan\u00e7ant circuits informals de reutilitzaci\u00f3. S&#8217;entenen b\u00e9 els aspectes positius de la &hellip;<\/p>\n","protected":false},"author":2617,"featured_media":1896,"parent":0,"menu_order":0,"comment_status":"closed","ping_status":"closed","template":"","meta":{"footnotes":""},"class_list":["post-1998","page","type-page","status-publish","has-post-thumbnail","hentry"],"jetpack_sharing_enabled":true,"_links":{"self":[{"href":"https:\/\/ereuse.org\/ca\/wp-json\/wp\/v2\/pages\/1998","targetHints":{"allow":["GET"]}}],"collection":[{"href":"https:\/\/ereuse.org\/ca\/wp-json\/wp\/v2\/pages"}],"about":[{"href":"https:\/\/ereuse.org\/ca\/wp-json\/wp\/v2\/types\/page"}],"author":[{"embeddable":true,"href":"https:\/\/ereuse.org\/ca\/wp-json\/wp\/v2\/users\/2617"}],"replies":[{"embeddable":true,"href":"https:\/\/ereuse.org\/ca\/wp-json\/wp\/v2\/comments?post=1998"}],"version-history":[{"count":24,"href":"https:\/\/ereuse.org\/ca\/wp-json\/wp\/v2\/pages\/1998\/revisions"}],"predecessor-version":[{"id":2713,"href":"https:\/\/ereuse.org\/ca\/wp-json\/wp\/v2\/pages\/1998\/revisions\/2713"}],"wp:featuredmedia":[{"embeddable":true,"href":"https:\/\/ereuse.org\/ca\/wp-json\/wp\/v2\/media\/1896"}],"wp:attachment":[{"href":"https:\/\/ereuse.org\/ca\/wp-json\/wp\/v2\/media?parent=1998"}],"curies":[{"name":"wp","href":"https:\/\/api.w.org\/{rel}","templated":true}]}}