{"id":1996,"date":"2018-10-16T08:41:13","date_gmt":"2018-10-16T07:41:13","guid":{"rendered":"https:\/\/www.ereuse.org\/?page_id=1996"},"modified":"2024-07-22T19:58:24","modified_gmt":"2024-07-22T18:58:24","slug":"about","status":"publish","type":"page","link":"https:\/\/ereuse.org\/ca\/about\/","title":{"rendered":"About"},"content":{"rendered":"<p>Tot va comen\u00e7ar amb un &#8220;i si optem per la reutilitzaci\u00f3 en lloc del reciclatge prematur&#8221;. L&#8217;any 2014, la Generalitat de Catalunya preveia descartar 30.000 dispositius inform\u00e0tics a l&#8217;any fins al 2019. El 92% dels dispositius eren funcionals, i el 87% d&#8217;ells eren potencialment reutilitzables localment per entitats socials, escoles i persones en situaci\u00f3 d&#8217;exclusi\u00f3 digital. El govern ha volgut implicar tots els centres de reutilitzaci\u00f3 actius per fer tota la feina de reforma, canalitzaci\u00f3 i seguiment d&#8217;aquests dispositius. Aquesta va ser la petici\u00f3 que van fer a un grup de recerca de la Universitat Polit\u00e8cnica de Catalunya. Uns mesos m\u00e9s tard, es va llan\u00e7ar eReuse.org.<\/p>\n<h2>Federaci\u00f3 de reutilitzaci\u00f3 d&#8217;electr\u00f2nica (ordinadors)<\/h2>\n<p><a class=\"\" href=\"http:\/\/Ereuse.org\">eReuse.org<\/a> \u00e9s una iniciativa d&#8217;organitzacions dedicades a la transici\u00f3 al consum col\u00b7laboratiu i circular d&#8217;electr\u00f2nica (ordinadors principalment). Motivem i impulsem l&#8217;aparici\u00f3 de comunitats regionals locals obertes per reutilitzar l&#8217;electr\u00f2nica que garanteixin el reciclatge final i l&#8217;avaluaci\u00f3 verificable de l&#8217;impacte de la reutilitzaci\u00f3. Els membres d&#8217;eReuse s\u00f3n principalment organitzacions d&#8217;economia social que reacondicionen, reciclen i distribueixen dispositius de segona m\u00e0 com ara m\u00f2bils, port\u00e0tils o ordinadors de sobretaula. Els nostres socis s\u00f3n organitzacions que promouen el residu zero, l&#8217;economia circular i social, l&#8217;electr\u00f2nica justa, el dret a la reparaci\u00f3 i la reducci\u00f3 de la bretxa digital. A les ciutats, els membres i els ajuntaments col\u00b7laboren i es coordinen en circuits de reutilitzaci\u00f3 amb gran efecte en la creaci\u00f3 de llocs de treball inclusius, en iniciar o accelerar l&#8217;efici\u00e8ncia i en l&#8217;ampliaci\u00f3 de l&#8217;intercanvi\/mercat local de dispositius de segona m\u00e0. eReuse.org es va llan\u00e7ar el 2015, som un projecte de Pangea.org, una organitzaci\u00f3 privada i independent sense \u00e0nim de lucre fundada el 1993 per promoure l&#8217;\u00fas estrat\u00e8gic i ambiental de les TIC.<\/p>","protected":false},"excerpt":{"rendered":"<p>Tot va comen\u00e7ar amb un &#8220;i si optem per la reutilitzaci\u00f3 en lloc del reciclatge prematur&#8221;. L&#8217;any 2014, la Generalitat de Catalunya preveia descartar 30.000 dispositius inform\u00e0tics a l&#8217;any fins al 2019. El 92% dels dispositius eren funcionals, i el 87% d&#8217;ells eren potencialment reutilitzables localment per entitats socials, escoles i persones en situaci\u00f3 d&#8217;exclusi\u00f3 &hellip;<\/p>\n","protected":false},"author":2617,"featured_media":1896,"parent":0,"menu_order":0,"comment_status":"closed","ping_status":"closed","template":"","meta":{"footnotes":""},"class_list":["post-1996","page","type-page","status-publish","has-post-thumbnail","hentry"],"jetpack_sharing_enabled":true,"_links":{"self":[{"href":"https:\/\/ereuse.org\/ca\/wp-json\/wp\/v2\/pages\/1996","targetHints":{"allow":["GET"]}}],"collection":[{"href":"https:\/\/ereuse.org\/ca\/wp-json\/wp\/v2\/pages"}],"about":[{"href":"https:\/\/ereuse.org\/ca\/wp-json\/wp\/v2\/types\/page"}],"author":[{"embeddable":true,"href":"https:\/\/ereuse.org\/ca\/wp-json\/wp\/v2\/users\/2617"}],"replies":[{"embeddable":true,"href":"https:\/\/ereuse.org\/ca\/wp-json\/wp\/v2\/comments?post=1996"}],"version-history":[{"count":21,"href":"https:\/\/ereuse.org\/ca\/wp-json\/wp\/v2\/pages\/1996\/revisions"}],"predecessor-version":[{"id":2712,"href":"https:\/\/ereuse.org\/ca\/wp-json\/wp\/v2\/pages\/1996\/revisions\/2712"}],"wp:featuredmedia":[{"embeddable":true,"href":"https:\/\/ereuse.org\/ca\/wp-json\/wp\/v2\/media\/1896"}],"wp:attachment":[{"href":"https:\/\/ereuse.org\/ca\/wp-json\/wp\/v2\/media?parent=1996"}],"curies":[{"name":"wp","href":"https:\/\/api.w.org\/{rel}","templated":true}]}}