{"id":1905,"date":"2018-10-14T18:35:45","date_gmt":"2018-10-14T17:35:45","guid":{"rendered":"https:\/\/www.ereuse.org\/?page_id=1905"},"modified":"2024-07-22T20:27:24","modified_gmt":"2024-07-22T19:27:24","slug":"reuse-of-electronics","status":"publish","type":"page","link":"https:\/\/ereuse.org\/ca\/reuse-of-electronics\/","title":{"rendered":"Concepts"},"content":{"rendered":"<!-- wp:paragraph -->\r\n<p>Els termes reciclatge i reutilitzaci\u00f3 s&#8217;utilitzen sovint com a sin\u00f2nims, per\u00f2 aix\u00f2 \u00e9s incorrecte &#8220;Reciclar&#8221; fa refer\u00e8ncia al proc\u00e9s en qu\u00e8 una mat\u00e8ria primera s&#8217;utilitza de nou per crear alguna cosa nova. &#8220;Reutilitzar&#8221; vol dir tornar a utilitzar un producte o els seus components per a la mateixa finalitat o trobar un altre \u00fas per a l&#8217;article:<a href=\"#WRE\"> Qu\u00e8 \u00e9s la reutilitzaci\u00f3 de l&#8217;electr\u00f2nica?<\/a><\/p>\r\n<!-- \/wp:paragraph -->\r\n\r\n<!-- wp:paragraph -->\r\n<p>El concepte d&#8217;economia circular pot arribar a ser molt el\u00e0stic. El seu significat pot variar dr\u00e0sticament en funci\u00f3 dels interessos de la persona que el defineix, utilitza i implementa. Per exemple, es considera circular cremar residus per a la generaci\u00f3 d&#8217;energia. Si s&#8217;accepta, es continuar\u00e0 considerant circular la crema d&#8217;un producte que podria haver estat reutilitzat? <a href=\"#WCE\">Qu\u00e8 \u00e9s l&#8217;electr\u00f2nica circular?<\/a><\/p>\r\n<!-- \/wp:paragraph -->\r\n\r\n<!-- wp:paragraph -->\r\n<p>Les entitats federades a ereuse.org reformen i revenen dispositius usats com ara m\u00f2bils, port\u00e0tils o ordinadors de sobretaula. Aquests membres tamb\u00e9 creen plataformes de reutilitzaci\u00f3 obertes, locals i aut\u00f2nomes que aporten automatitzaci\u00f3, tra\u00e7abilitat i auditabilitat en tots els passos de la vida \u00fatil dels dispositius amb l&#8217;objectiu de fer que l&#8217;electr\u00f2nica sigui assequible, duradora i responsable d&#8217;impacte. <a href=\"#WERP\"> Qu\u00e8 \u00e9s un circuit de reutilitzaci\u00f3 d&#8217;electr\u00f2nica?<\/a><a name=\"WRE\" class=\"mce-item-anchor\"><\/a><\/p>\r\n<!-- \/wp:paragraph -->\r\n\r\n<!-- wp:heading -->\r\n<h2 class=\"wp-block-heading\">Qu\u00e8 \u00e9s la reutilitzaci\u00f3 d&#8217;electr\u00f2nica?<\/h2>\r\n<!-- \/wp:heading -->\r\n\r\n<!-- wp:image {\"id\":1823,\"align\":\"right\"} -->\r\n<figure class=\"wp-block-image alignright\"><img loading=\"lazy\" decoding=\"async\" width=\"380\" height=\"399\" src=\"https:\/\/www.ereuse.org\/files\/2018\/10\/2016-08-24-eReuse.org-lifecycle-V7-new-version-lowquality-e1550936004446.png\" alt=\"\" class=\"wp-image-1823\" \/><\/figure>\r\n<!-- \/wp:image -->\r\n\r\n<!-- wp:paragraph -->\r\n<p>La reutilitzaci\u00f3 de dispositius electr\u00f2nics com ara ordinadors de sobretaula, ordinadors port\u00e0tils o tel\u00e8fons m\u00f2bils s&#8217;aplica als dispositius que ja s&#8217;han fabricat i ja no estan en \u00fas (eliminaci\u00f3) i es reciclaran tret que siguin renovats\/reacondicionats (reparats, actualitzats) i s&#8217;utilitza de nou o es redistribueix a altres usuaris.<\/p>\r\n<!-- \/wp:paragraph -->\r\n\r\n<!-- wp:paragraph -->\r\n<p>Diem que un dispositiu o component \u00e9s reutilitzable si t\u00e9 o pot tenir valor d&#8217;\u00fas per a alg\u00fa:<\/p>\r\n<!-- \/wp:paragraph -->\r\n\r\n<!-- wp:list -->\r\n<ul><!-- wp:list-item -->\r\n<li>Si el valor d&#8217;\u00fas del dispositiu \u00e9s prou alt, vol dir que hi ha en algun lloc un usuari potencial per al mateix tal com \u00e9s, i nom\u00e9s cal un proc\u00e9s b\u00e0sic de renovaci\u00f3, com ara esborrar dades o restaurar el sistema operatiu (aix\u00f2 es representa com un bucle de reutilitzaci\u00f3 ciutadana a la figura seg\u00fcent).<\/li>\r\n<!-- \/wp:list-item --><\/ul>\r\n<!-- \/wp:list -->\r\n\r\n<!-- wp:list -->\r\n<ul><!-- wp:list-item -->\r\n<li>Si el valor d&#8217;\u00fas \u00e9s massa baix, es pot augmentar mitjan\u00e7ant diversos tipus d&#8217;accions de renovaci\u00f3: reparaci\u00f3, substituci\u00f3 de components danyats i actualitzaci\u00f3\/actualitzaci\u00f3 (aix\u00f2 es representa com un bucle de reutilitzaci\u00f3 professional a la figura seg\u00fcent).<\/li>\r\n<!-- \/wp:list-item --><\/ul>\r\n<!-- \/wp:list -->\r\n\r\n<!-- wp:paragraph -->\r\n<p>El proc\u00e9s de reutilitzaci\u00f3 finalitza quan, al cap d&#8217;uns quants anys, el dispositiu o component arriba a un estat d&#8217;eliminaci\u00f3, el que significa que el seu valor d&#8217;\u00fas, aleshores, o mitjan\u00e7ant possibles millores, no permet la seva reutilitzaci\u00f3. Despr\u00e9s, el cicle arriba al reciclatge per recuperar (reutilitzar) mat\u00e8ries primeres i fabricar nous components. <a name=\"WCE\" class=\"mce-item-anchor\"><\/a><\/p>\r\n<!-- \/wp:paragraph -->\r\n\r\n<!-- wp:heading -->\r\n<h2 class=\"wp-block-heading\">Qu\u00e8 \u00e9s l&#8217;electr\u00f2nica circular?<\/h2>\r\n<!-- \/wp:heading -->\r\n\r\n<!-- wp:paragraph -->\r\n<p>L&#8217;economia circular \u00e9s una manera ideal de canviar el model de consum actual basat en comprar, utilitzar i llen\u00e7ar. Una economia circular en electr\u00f2nica pret\u00e9n preservar en \u00fas els productes i components que ja s&#8217;han fabricat i recuperar les mat\u00e8ries primeres quan els dispositius ja no siguin reparables i funcionals.<\/p>\r\n<!-- \/wp:paragraph -->\r\n\r\n<!-- wp:paragraph -->\r\n<p>Circularitat significa crear un sistema autosuficient que no requereix entrades de mat\u00e8ries primeres i no t\u00e9 p\u00e8rdues. Les p\u00e8rdues s\u00f3n residus que acaben en abocadors on no es poden recuperar els materials.<\/p>\r\n<!-- \/wp:paragraph -->\r\n\r\n<!-- wp:paragraph -->\r\n<p>En una economia circular, els productes i els materials es consideren actius i les empreses es consideren usuaris que haurien de reparar, actualitzar i reutilitzar els seus dispositius i materials per mantenir-los en \u00fas tant com sigui possible.<\/p>\r\n<!-- \/wp:paragraph -->\r\n\r\n<!-- wp:paragraph -->\r\n<p>Apuntem a una economia circular en la qual es realitzin tots els processos de reutilitzaci\u00f3 viables fins que el valor d&#8217;\u00fas dels dispositius no permeti una reutilitzaci\u00f3 posterior i, al final, qualsevol dispositiu reutilitzat es recicli.<\/p>\r\n<!-- \/wp:paragraph -->\r\n\r\n<!-- wp:paragraph -->\r\n<p>Per tant, tres principis s\u00f3n clau per aconseguir l&#8217;electr\u00f2nica circular: reduir, reutilitzar i reciclar. Haur\u00edem d&#8217;assegurar-nos que els dispositius tinguin un valor d&#8217;\u00fas baix quan es reciclen perqu\u00e8 no hi hagi un reciclatge prematur.<a name=\"WERP\"><\/a><\/p>\r\n<!-- \/wp:paragraph -->\r\n\r\n<!-- wp:heading -->\r\n<h2 class=\"wp-block-heading\">Qu\u00e8 \u00e9s un circuit de reutilitzaci\u00f3 d&#8217;electr\u00f2nica?<\/h2>\r\n<!-- \/wp:heading -->\r\n\r\n<p><span class=\"VIiyi\" lang=\"ca\"><span class=\"JLqJ4b ChMk0b\" data-language-for-alternatives=\"ca\" data-language-to-translate-into=\"es\" data-phrase-index=\"0\">A les ciutats, els membres federats i els ajuntaments col\u00b7laboren i es coordinen en circuits de reutilitzaci\u00f3 <\/span><\/span>amb un gran efecte en la creaci\u00f3 de llocs de treball inclusius, en iniciar o accelerar l&#8217;efici\u00e8ncia i en l&#8217;ampliaci\u00f3 de l&#8217;intercanvi\/mercat local. d&#8217;aparells de segona m\u00e0. Els ajuntaments entreguen equips inform\u00e0tics retirats als centres locals de reutilitzaci\u00f3 que s\u00f3n responsables de l&#8217;impacte de l&#8217;economia circular i col\u00b7laboren entre ells per augmentar la reutilitzaci\u00f3 i el reciclatge.<\/p>\r\n<p>Hi ha dos nivells de circuits: el primer nivell nom\u00e9s inclou els centres de reutilitzaci\u00f3; en aquest nivell cada actor t\u00e9 la seva pr\u00f2pia plataforma federada, busca els seus fons de subministrament d&#8217;equipaments i estableix els seus convenis de col\u00b7laboraci\u00f3 entre altres centres de reutilitzaci\u00f3 i revenedors. En el segon nivell (col\u00b7laboratiu), hi ha una entitat residu zero que fa de paraigua dels centres de reutilitzaci\u00f3.<\/p>\r\n<p>Els circuits col\u00b7laboratius estableixen un acord entre centres de reutilitzaci\u00f3 i distribu\u00efdors per gestionar, compartir i mantenir la circularitat dels dispositius digitals i buscar la col\u00b7laboraci\u00f3 en lloc de la compet\u00e8ncia. La missi\u00f3 d&#8217;un Circuit col\u00b7laboratiu \u00e9s promoure la cooperaci\u00f3 entre les entitats del sector de la reutilitzaci\u00f3 i l&#8217;\u00fas responsable, col\u00b7laboratiu i circular dels dispositius digitals.<\/p><!-- \/wp:image -->","protected":false},"excerpt":{"rendered":"<p>Els termes reciclatge i reutilitzaci\u00f3 s&#8217;utilitzen sovint com a sin\u00f2nims, per\u00f2 aix\u00f2 \u00e9s incorrecte &#8220;Reciclar&#8221; fa refer\u00e8ncia al proc\u00e9s en qu\u00e8 una mat\u00e8ria primera s&#8217;utilitza de nou per crear alguna cosa nova. &#8220;Reutilitzar&#8221; vol dir tornar a utilitzar un producte o els seus components per a la mateixa finalitat o trobar un altre \u00fas per &hellip;<\/p>\n","protected":false},"author":2617,"featured_media":1896,"parent":0,"menu_order":0,"comment_status":"closed","ping_status":"closed","template":"","meta":{"footnotes":""},"class_list":["post-1905","page","type-page","status-publish","has-post-thumbnail","hentry"],"jetpack_sharing_enabled":true,"_links":{"self":[{"href":"https:\/\/ereuse.org\/ca\/wp-json\/wp\/v2\/pages\/1905","targetHints":{"allow":["GET"]}}],"collection":[{"href":"https:\/\/ereuse.org\/ca\/wp-json\/wp\/v2\/pages"}],"about":[{"href":"https:\/\/ereuse.org\/ca\/wp-json\/wp\/v2\/types\/page"}],"author":[{"embeddable":true,"href":"https:\/\/ereuse.org\/ca\/wp-json\/wp\/v2\/users\/2617"}],"replies":[{"embeddable":true,"href":"https:\/\/ereuse.org\/ca\/wp-json\/wp\/v2\/comments?post=1905"}],"version-history":[{"count":119,"href":"https:\/\/ereuse.org\/ca\/wp-json\/wp\/v2\/pages\/1905\/revisions"}],"predecessor-version":[{"id":2725,"href":"https:\/\/ereuse.org\/ca\/wp-json\/wp\/v2\/pages\/1905\/revisions\/2725"}],"wp:featuredmedia":[{"embeddable":true,"href":"https:\/\/ereuse.org\/ca\/wp-json\/wp\/v2\/media\/1896"}],"wp:attachment":[{"href":"https:\/\/ereuse.org\/ca\/wp-json\/wp\/v2\/media?parent=1905"}],"curies":[{"name":"wp","href":"https:\/\/api.w.org\/{rel}","templated":true}]}}