{"id":1841,"date":"2018-10-13T08:48:28","date_gmt":"2018-10-13T07:48:28","guid":{"rendered":"https:\/\/www.ereuse.org\/?page_id=1841"},"modified":"2024-07-22T20:53:29","modified_gmt":"2024-07-22T19:53:29","slug":"circuits","status":"publish","type":"page","link":"https:\/\/ereuse.org\/ca\/circuits\/","title":{"rendered":"Circuits"},"content":{"rendered":"Les administracions p\u00fabliques i les entitats locals d&#8217;economia circular tenen circuits de reutilitzaci\u00f3 formals, escalables i sostenibles que ofereixen tra\u00e7abilitat i garanteixen un reciclatge correcte. Els ajuntaments lliuren excedents de dispositius a ciutadans i organitzacions, amb un gran efecte en la creaci\u00f3 de llocs de treball inclusius, iniciant o accelerant l&#8217;efici\u00e8ncia i ampliant l&#8217;intercanvi\/mercat local d&#8217;ordinadors i m\u00f2bils de segona m\u00e0, i treballs relacionats de transport, renovaci\u00f3, suport i reciclatge.<\/p>\n<p>Els usuaris de dispositius s\u00f3n ciutadans que prefereixen dispositius de segona m\u00e0 per motius mediambientals, ciutadans en risc d&#8217;exclusi\u00f3 recolzats o assessorats per serveis socials p\u00fablics i organitzacions que demanen un volum m\u00e9s gran de dispositius com escoles, empreses socials, medi ambient o pressupostos p\u00fablics o privats . organitzacions. Els ciutadans es beneficien d&#8217;un conjunt de dispositius a un cost econ\u00f2mic i ambiental menor, a m\u00e9s de crear llocs de treball locals (en organitzacions socials i comercials) per a la recol\u00b7lecci\u00f3, renovaci\u00f3 i suport (computaci\u00f3 com a servei) per part de locals per a locals.<\/p>\n<h3>Barcelona &#8211; <span class=\"VIiyi\" lang=\"ca\"><span class=\"JLqJ4b ChMk0b\"><span class=\"Q4iAWc\">Circuit Pangea d&#8217;Economia Social i Solid\u00e0ria<\/span><\/span> <\/span><\/h3>\n<p><span class=\"VIiyi\" lang=\"ca\"><span class=\"JLqJ4b ChMk0b\"><span class=\"Q4iAWc\">A Barcelona, \u200b\u200b18 entitats han creat el Circuit Pangea d&#8217;Economia Social i Solid\u00e0ria, on a m\u00e9s de compartir una plataforma tecnol\u00f2gica, compartim i mantenim els dispositius.<\/span><\/span> <span class=\"JLqJ4b ChMk0b\"><span class=\"Q4iAWc\">Treballar en comunitat i localment ens permet escalar i sostenir costos, especialitzar-nos en determinats serveis, i adequar millor l&#8217;oferta i la demanda de dispositius.<\/span><\/span> <span class=\"JLqJ4b ChMk0b\"><span class=\"Q4iAWc\">Aquest Circuit \u00e9s aut\u00f2nom respecte d&#8217;eReuse, i nom\u00e9s inclou les entitats de l&#8217;economia social i solid\u00e0ria d&#8217;eReuse.<\/span><\/span><\/span><\/p>\n<p><a href=\"https:\/\/www.ereuse.org\/circuit-pangea\/\">Enlla\u00e7 al Circuit Pangea.<\/a><\/p>\n<h3>Madrid &#8211; Circuit Sempiterna<\/h3>\n<p>El Circuit Sempiterna \u00e9s una xarxa d\u201fentitats, institucions i empreses d\u201feconomia social que promouen l\u201feconomia circular en l\u201f\u00e0mbit de l\u201felectr\u00f2nica. Realitzem les funcions de distribuci\u00f3, reparaci\u00f3, recondicionament, comercialitzaci\u00f3, manteniment i reciclatge, assegurant la tra\u00e7abilitat i reutilitzaci\u00f3 formal dels dispositius, evitant el reciclatge prematur. Les entitats participants cooperen per desenvolupar, mantenir i compartir un conjunt de ferramentes, m\u00e8todes i dades tecnol\u00f2gics organitzats per al b\u00e9 com\u00fa.<\/p>\n<p><a href=\"https:\/\/www.sempiterna.red\/la-red\/\">Enlla\u00e7 al Circuit Sempiterna.<\/a>","protected":false},"excerpt":{"rendered":"<p>Les administracions p\u00fabliques i les entitats locals d&#8217;economia circular tenen circuits de reutilitzaci\u00f3 formals, escalables i sostenibles que ofereixen tra\u00e7abilitat i garanteixen un reciclatge correcte. Els ajuntaments lliuren excedents de dispositius a ciutadans i organitzacions, amb un gran efecte en la creaci\u00f3 de llocs de treball inclusius, iniciant o accelerant l&#8217;efici\u00e8ncia i ampliant l&#8217;intercanvi\/mercat local &hellip;<\/p>\n","protected":false},"author":2617,"featured_media":1896,"parent":0,"menu_order":0,"comment_status":"closed","ping_status":"closed","template":"","meta":{"footnotes":""},"class_list":["post-1841","page","type-page","status-publish","has-post-thumbnail","hentry"],"jetpack_sharing_enabled":true,"_links":{"self":[{"href":"https:\/\/ereuse.org\/ca\/wp-json\/wp\/v2\/pages\/1841","targetHints":{"allow":["GET"]}}],"collection":[{"href":"https:\/\/ereuse.org\/ca\/wp-json\/wp\/v2\/pages"}],"about":[{"href":"https:\/\/ereuse.org\/ca\/wp-json\/wp\/v2\/types\/page"}],"author":[{"embeddable":true,"href":"https:\/\/ereuse.org\/ca\/wp-json\/wp\/v2\/users\/2617"}],"replies":[{"embeddable":true,"href":"https:\/\/ereuse.org\/ca\/wp-json\/wp\/v2\/comments?post=1841"}],"version-history":[{"count":29,"href":"https:\/\/ereuse.org\/ca\/wp-json\/wp\/v2\/pages\/1841\/revisions"}],"predecessor-version":[{"id":2732,"href":"https:\/\/ereuse.org\/ca\/wp-json\/wp\/v2\/pages\/1841\/revisions\/2732"}],"wp:featuredmedia":[{"embeddable":true,"href":"https:\/\/ereuse.org\/ca\/wp-json\/wp\/v2\/media\/1896"}],"wp:attachment":[{"href":"https:\/\/ereuse.org\/ca\/wp-json\/wp\/v2\/media?parent=1841"}],"curies":[{"name":"wp","href":"https:\/\/api.w.org\/{rel}","templated":true}]}}